{"id":423,"date":"2016-03-17T10:51:37","date_gmt":"2016-03-17T09:51:37","guid":{"rendered":"https:\/\/www.agriturismobarba.com\/de\/agriturismo-agrimare-barba\/"},"modified":"2017-05-08T17:04:55","modified_gmt":"2017-05-08T15:04:55","slug":"agriturismo-agrimare-barba","status":"publish","type":"page","link":"https:\/\/www.agriturismobarba.com\/de\/","title":{"rendered":"Agriturismo Agrimare Barba"},"content":{"rendered":"<div id=\"pl-423\"  class=\"panel-layout\" ><div id=\"pg-423-0\"  class=\"panel-grid panel-has-style\" ><div class=\"panel-row-style panel-row-style-for-423-0\" ><div id=\"pgc-423-0-0\"  class=\"panel-grid-cell\" ><div id=\"panel-423-0-0-0\" class=\"so-panel widget widget_black-studio-tinymce widget_black_studio_tinymce panel-first-child panel-last-child\" data-index=\"0\" ><div class=\"textwidget\"><div class=\"home-video-block\">\n<div class=\"fb-video\" data-href=\"https:\/\/www.facebook.com\/agriturismobarba\/videos\/314545202228821\/\" data-width=\"660\" data-show-text=\"false\"><\/div>\n<\/div>\n<p style=\"text-align: justify;\">Sie wird zu Recht die \u201eGr\u00fcne Region Europas\u201c definiert, Abruzzen ist vor allem f\u00fcr die K\u00fcste, die Seen und die Berge bekannt. Den aufmerksamsten Urlaubern entgeht jedoch nicht die Sch\u00f6nheit der H\u00fcgel, zwischen welchem sich, in einem Bereich der sich der Landwirtschaft widmet, der Agritourismus Agrimare Barba befindet.<\/p>\n<p><div id='gallery-1' class='gallery galleryid-423 gallery-columns-2 gallery-size-home-galelry'><figure class='gallery-item'>\n\t\t\t<div class='gallery-icon landscape'>\n\t\t\t\t<a href='https:\/\/www.agriturismobarba.com\/wp-content\/uploads\/2016\/03\/agriturismo-barba-esterno-15.jpg'><img loading=\"lazy\" decoding=\"async\" width=\"300\" height=\"200\" src=\"https:\/\/www.agriturismobarba.com\/wp-content\/uploads\/2016\/03\/agriturismo-barba-esterno-15-300x200.jpg\" class=\"attachment-home-galelry size-home-galelry\" alt=\"\" srcset=\"https:\/\/www.agriturismobarba.com\/wp-content\/uploads\/2016\/03\/agriturismo-barba-esterno-15-300x200.jpg 300w, https:\/\/www.agriturismobarba.com\/wp-content\/uploads\/2016\/03\/agriturismo-barba-esterno-15-768x509.jpg 768w, https:\/\/www.agriturismobarba.com\/wp-content\/uploads\/2016\/03\/agriturismo-barba-esterno-15-1024x678.jpg 1024w, https:\/\/www.agriturismobarba.com\/wp-content\/uploads\/2016\/03\/agriturismo-barba-esterno-15-272x182.jpg 272w, https:\/\/www.agriturismobarba.com\/wp-content\/uploads\/2016\/03\/agriturismo-barba-esterno-15.jpg 2048w\" sizes=\"auto, (max-width: 300px) 100vw, 300px\" \/><\/a>\n\t\t\t<\/div><\/figure><figure class='gallery-item'>\n\t\t\t<div class='gallery-icon landscape'>\n\t\t\t\t<a href='https:\/\/www.agriturismobarba.com\/wp-content\/uploads\/2017\/02\/agriturismo-barba-piscina-09.jpg'><img loading=\"lazy\" decoding=\"async\" width=\"300\" height=\"200\" src=\"https:\/\/www.agriturismobarba.com\/wp-content\/uploads\/2017\/02\/agriturismo-barba-piscina-09-300x200.jpg\" class=\"attachment-home-galelry size-home-galelry\" alt=\"\" srcset=\"https:\/\/www.agriturismobarba.com\/wp-content\/uploads\/2017\/02\/agriturismo-barba-piscina-09-300x200.jpg 300w, https:\/\/www.agriturismobarba.com\/wp-content\/uploads\/2017\/02\/agriturismo-barba-piscina-09-768x509.jpg 768w, https:\/\/www.agriturismobarba.com\/wp-content\/uploads\/2017\/02\/agriturismo-barba-piscina-09-1024x678.jpg 1024w, https:\/\/www.agriturismobarba.com\/wp-content\/uploads\/2017\/02\/agriturismo-barba-piscina-09-272x182.jpg 272w, https:\/\/www.agriturismobarba.com\/wp-content\/uploads\/2017\/02\/agriturismo-barba-piscina-09.jpg 2048w\" sizes=\"auto, (max-width: 300px) 100vw, 300px\" \/><\/a>\n\t\t\t<\/div><\/figure>\n\t\t<\/div>\n<\/p>\n<p style=\"text-align: justify;\">Zwischen Weinbergen und Olivenhainen versunken, weit entfernt vom L\u00e4rm der Stadt, genie\u00dft der Agritourismus eine privilegierte Panorama-Position, von welcher es m\u00f6glich ist, gleichzeitig die Farben des adriatischen Meers und der Spitze des Gran Sasso d\u2019Italia zu bewundern.<\/p>\n<p><div id='gallery-2' class='gallery galleryid-423 gallery-columns-2 gallery-size-home-galelry'><figure class='gallery-item'>\n\t\t\t<div class='gallery-icon landscape'>\n\t\t\t\t<a href='https:\/\/www.agriturismobarba.com\/wp-content\/uploads\/2016\/04\/agriturismo-barba-colle-morino-1.jpg'><img loading=\"lazy\" decoding=\"async\" width=\"300\" height=\"200\" src=\"https:\/\/www.agriturismobarba.com\/wp-content\/uploads\/2016\/04\/agriturismo-barba-colle-morino-1-300x200.jpg\" class=\"attachment-home-galelry size-home-galelry\" alt=\"\" srcset=\"https:\/\/www.agriturismobarba.com\/wp-content\/uploads\/2016\/04\/agriturismo-barba-colle-morino-1-300x200.jpg 300w, https:\/\/www.agriturismobarba.com\/wp-content\/uploads\/2016\/04\/agriturismo-barba-colle-morino-1-768x512.jpg 768w, https:\/\/www.agriturismobarba.com\/wp-content\/uploads\/2016\/04\/agriturismo-barba-colle-morino-1-1024x683.jpg 1024w, https:\/\/www.agriturismobarba.com\/wp-content\/uploads\/2016\/04\/agriturismo-barba-colle-morino-1-272x182.jpg 272w, https:\/\/www.agriturismobarba.com\/wp-content\/uploads\/2016\/04\/agriturismo-barba-colle-morino-1.jpg 2048w\" sizes=\"auto, (max-width: 300px) 100vw, 300px\" \/><\/a>\n\t\t\t<\/div><\/figure><figure class='gallery-item'>\n\t\t\t<div class='gallery-icon landscape'>\n\t\t\t\t<a href='https:\/\/www.agriturismobarba.com\/wp-content\/uploads\/2016\/03\/agriturismo-barba-esterno-5.jpg'><img loading=\"lazy\" decoding=\"async\" width=\"300\" height=\"200\" src=\"https:\/\/www.agriturismobarba.com\/wp-content\/uploads\/2016\/03\/agriturismo-barba-esterno-5-300x200.jpg\" class=\"attachment-home-galelry size-home-galelry\" alt=\"\" srcset=\"https:\/\/www.agriturismobarba.com\/wp-content\/uploads\/2016\/03\/agriturismo-barba-esterno-5-300x200.jpg 300w, https:\/\/www.agriturismobarba.com\/wp-content\/uploads\/2016\/03\/agriturismo-barba-esterno-5-768x509.jpg 768w, https:\/\/www.agriturismobarba.com\/wp-content\/uploads\/2016\/03\/agriturismo-barba-esterno-5-1024x678.jpg 1024w, https:\/\/www.agriturismobarba.com\/wp-content\/uploads\/2016\/03\/agriturismo-barba-esterno-5-272x182.jpg 272w, https:\/\/www.agriturismobarba.com\/wp-content\/uploads\/2016\/03\/agriturismo-barba-esterno-5.jpg 2048w\" sizes=\"auto, (max-width: 300px) 100vw, 300px\" \/><\/a>\n\t\t\t<\/div><\/figure>\n\t\t<\/div>\n<\/p>\n<\/div><\/div><\/div><\/div><\/div><div id=\"pg-423-1\"  class=\"panel-grid panel-no-style\" ><div id=\"pgc-423-1-0\"  class=\"panel-grid-cell\" ><div id=\"panel-423-1-0-0\" class=\"so-panel widget widget_sow-image panel-first-child panel-last-child\" data-index=\"1\" ><div\n\t\t\t\n\t\t\tclass=\"so-widget-sow-image so-widget-sow-image-default-c67d20f9f743-423\"\n\t\t\t\n\t\t>\n<div class=\"sow-image-container\">\n\t\t<img \n\tsrc=\"https:\/\/www.agriturismobarba.com\/wp-content\/uploads\/2016\/03\/man-300x300.png\" width=\"300\" height=\"300\" srcset=\"https:\/\/www.agriturismobarba.com\/wp-content\/uploads\/2016\/03\/man-300x300.png 300w, https:\/\/www.agriturismobarba.com\/wp-content\/uploads\/2016\/03\/man-150x150.png 150w, https:\/\/www.agriturismobarba.com\/wp-content\/uploads\/2016\/03\/man.png 512w\" sizes=\"(max-width: 300px) 100vw, 300px\" alt=\"\" \t\tclass=\"so-widget-image\"\/>\n\t<\/div>\n\n<\/div><\/div><\/div><div id=\"pgc-423-1-1\"  class=\"panel-grid-cell\" ><div id=\"panel-423-1-1-0\" class=\"so-panel widget widget_black-studio-tinymce widget_black_studio_tinymce panel-first-child panel-last-child\" data-index=\"2\" ><div class=\"textwidget\"><p>Der Aufenthalt in unserer Struktur erlaubt es Ihnen, herrliche Momente der Heiterkeit zu erleben, indem Sie den gro\u00dfen Au\u00dfenbereich, sowie die M\u00f6glichkeit nutzen, das Barbecue zu verwenden, um typische Produkte aus Abruzzen zum Mittag- und Abendessen im Freien, versunken in der Ruhe der Landschaft zu genie\u00dfen.<\/p>\n<\/div><\/div><\/div><\/div><div id=\"pg-423-2\"  class=\"panel-grid panel-no-style\" ><div id=\"pgc-423-2-0\"  class=\"panel-grid-cell\" ><div id=\"panel-423-2-0-0\" class=\"so-panel widget widget_sow-image panel-first-child panel-last-child\" data-index=\"3\" ><div\n\t\t\t\n\t\t\tclass=\"so-widget-sow-image so-widget-sow-image-default-c67d20f9f743-423\"\n\t\t\t\n\t\t>\n<div class=\"sow-image-container\">\n\t\t<img \n\tsrc=\"https:\/\/www.agriturismobarba.com\/wp-content\/uploads\/2016\/03\/Untitled-2-300x169.png\" width=\"300\" height=\"169\" srcset=\"https:\/\/www.agriturismobarba.com\/wp-content\/uploads\/2016\/03\/Untitled-2-300x169.png 300w, https:\/\/www.agriturismobarba.com\/wp-content\/uploads\/2016\/03\/Untitled-2-768x431.png 768w, https:\/\/www.agriturismobarba.com\/wp-content\/uploads\/2016\/03\/Untitled-2.png 979w\" sizes=\"(max-width: 300px) 100vw, 300px\" alt=\"\" \t\tclass=\"so-widget-image\"\/>\n\t<\/div>\n\n<\/div><\/div><\/div><div id=\"pgc-423-2-1\"  class=\"panel-grid-cell\" ><div id=\"panel-423-2-1-0\" class=\"so-panel widget widget_black-studio-tinymce widget_black_studio_tinymce panel-first-child panel-last-child\" data-index=\"4\" ><div class=\"textwidget\"><p>Auf der adriatischen K\u00fcste schenkt der Sommer lange Sonnentage, die sich mit frischen N\u00e4chten abwechseln. Das angenehme und strahlende Klima, die wilde Natur und die gem\u00fctlichen Unterk\u00fcnfte sind der ideale Rahmen f\u00fcr einen unvergesslichen Urlaub.<\/p>\n<\/div><\/div><\/div><\/div><div id=\"pg-423-3\"  class=\"panel-grid panel-no-style\" ><div id=\"pgc-423-3-0\"  class=\"panel-grid-cell\" ><div id=\"panel-423-3-0-0\" class=\"so-panel widget widget_sow-image panel-first-child panel-last-child\" data-index=\"5\" ><div\n\t\t\t\n\t\t\tclass=\"so-widget-sow-image so-widget-sow-image-default-c67d20f9f743-423\"\n\t\t\t\n\t\t>\n<div class=\"sow-image-container\">\n\t\t<img \n\tsrc=\"https:\/\/www.agriturismobarba.com\/wp-content\/uploads\/2016\/03\/icon-300x300.png\" width=\"300\" height=\"300\" srcset=\"https:\/\/www.agriturismobarba.com\/wp-content\/uploads\/2016\/03\/icon-300x300.png 300w, https:\/\/www.agriturismobarba.com\/wp-content\/uploads\/2016\/03\/icon-150x150.png 150w, https:\/\/www.agriturismobarba.com\/wp-content\/uploads\/2016\/03\/icon.png 512w\" sizes=\"(max-width: 300px) 100vw, 300px\" alt=\"\" \t\tclass=\"so-widget-image\"\/>\n\t<\/div>\n\n<\/div><\/div><\/div><div id=\"pgc-423-3-1\"  class=\"panel-grid-cell\" ><div id=\"panel-423-3-1-0\" class=\"so-panel widget widget_black-studio-tinymce widget_black_studio_tinymce panel-first-child panel-last-child\" data-index=\"6\" ><div class=\"textwidget\"><p>In der Umgebung des Betriebs ist es m\u00f6glich, zahlreiche Aktivit\u00e4ten auszu\u00fcben: vom Trekking \u00fcber Ausfl\u00fcge mit dem Mountain Bike bis hin zum Schwimmen. Wenn Sie hingegen Ruhe bevorzugen, k\u00f6nnen Sie sich beim Swimmingpool entspannen oder ihre Tage am Strand verbringen, der sich in wenigen 100 Metern Entfernung von den Unterk\u00fcnften befindet.<\/p>\n<\/div><\/div><\/div><\/div><div id=\"pg-423-4\"  class=\"panel-grid panel-no-style\" ><div id=\"pgc-423-4-0\"  class=\"panel-grid-cell\" ><div id=\"panel-423-4-0-0\" class=\"so-panel widget widget_sow-image panel-first-child panel-last-child\" data-index=\"7\" ><div\n\t\t\t\n\t\t\tclass=\"so-widget-sow-image so-widget-sow-image-default-c67d20f9f743-423\"\n\t\t\t\n\t\t>\n<div class=\"sow-image-container\">\n\t\t<img \n\tsrc=\"https:\/\/www.agriturismobarba.com\/wp-content\/uploads\/2016\/03\/wine-icon-251x300.png\" width=\"251\" height=\"300\" srcset=\"https:\/\/www.agriturismobarba.com\/wp-content\/uploads\/2016\/03\/wine-icon-251x300.png 251w, https:\/\/www.agriturismobarba.com\/wp-content\/uploads\/2016\/03\/wine-icon.png 529w\" sizes=\"(max-width: 251px) 100vw, 251px\" alt=\"\" \t\tclass=\"so-widget-image\"\/>\n\t<\/div>\n\n<\/div><\/div><\/div><div id=\"pgc-423-4-1\"  class=\"panel-grid-cell\" ><div id=\"panel-423-4-1-0\" class=\"so-panel widget widget_black-studio-tinymce widget_black_studio_tinymce panel-first-child panel-last-child\" data-index=\"8\" ><div class=\"textwidget\"><p>Es ist des Weiteren m\u00f6glich, hervorragende Weine aus der Produktion der Familie Barba\u00a0(www.fratellibarba.it), wie Montepulciano und Trebbiano d\u2019Abbruzzo DOC zu verkosten, die aus unseren Weinbergen (circa 68 Hektar bebaute Oberfl\u00e4che) gewonnen werden, oder unser \u00d6l zu probieren.<\/p>\n<\/div><\/div><\/div><\/div><\/div>","protected":false},"excerpt":{"rendered":"<p>Sie wird zu Recht die \u201eGr\u00fcne Region Europas\u201c definiert, Abruzzen ist vor allem f\u00fcr die K\u00fcste, die Seen und die Berge bekannt. Den aufmerksamsten Urlaubern entgeht jedoch nicht die Sch\u00f6nheit der H\u00fcgel, zwischen welchem sich, in einem Bereich der sich der Landwirtschaft widmet, der Agritourismus Agrimare Barba befindet. Zwischen Weinbergen und Olivenhainen versunken, weit entfernt [&hellip;]<\/p>\n","protected":false},"author":3,"featured_media":0,"parent":0,"menu_order":1,"comment_status":"closed","ping_status":"closed","template":"","meta":{"_genesis_hide_title":false,"_genesis_hide_breadcrumbs":false,"_genesis_hide_singular_image":false,"_genesis_hide_footer_widgets":false,"_genesis_custom_body_class":"","_genesis_custom_post_class":"","_genesis_layout":"","footnotes":""},"class_list":{"0":"post-423","1":"page","2":"type-page","3":"status-publish","5":"entry","6":"has-post-thumbnail"},"yoast_head":"<!-- This site is optimized with the Yoast SEO plugin v27.6 - https:\/\/yoast.com\/product\/yoast-seo-wordpress\/ -->\n<title>Ferienwohnungen &amp; Ferienh\u00e4user in Abruzzen - Agrimare Barba<\/title>\n<meta name=\"description\" content=\"Ferienhaus mit Pool in den Abruzzen zwischen Weinbergen und Olivenhainen der Farm Agrimare Barba kann die Adria und den Gipfel des Gran Sasso bewundern\" \/>\n<meta name=\"robots\" content=\"index, follow, max-snippet:-1, max-image-preview:large, max-video-preview:-1\" \/>\n<link rel=\"canonical\" href=\"https:\/\/www.agriturismobarba.com\/de\/\" \/>\n<meta property=\"og:locale\" content=\"de_DE\" \/>\n<meta property=\"og:type\" content=\"article\" \/>\n<meta property=\"og:title\" content=\"Ferienwohnungen &amp; Ferienh\u00e4user in Abruzzen - Agrimare Barba\" \/>\n<meta property=\"og:description\" content=\"Ferienhaus mit Pool in den Abruzzen zwischen Weinbergen und Olivenhainen der Farm Agrimare Barba kann die Adria und den Gipfel des Gran Sasso bewundern\" \/>\n<meta property=\"og:url\" content=\"https:\/\/www.agriturismobarba.com\/de\/\" \/>\n<meta property=\"og:site_name\" content=\"Agriturismo Barba\" \/>\n<meta property=\"article:modified_time\" content=\"2017-05-08T15:04:55+00:00\" \/>\n<meta property=\"og:image\" content=\"https:\/\/www.agriturismobarba.com\/wp-content\/uploads\/2016\/03\/agriturismo-barba-esterno-15-300x200.jpg\" \/>\n<meta name=\"twitter:card\" content=\"summary_large_image\" \/>\n<meta name=\"twitter:label1\" content=\"Gesch\u00e4tzte Lesezeit\" \/>\n\t<meta name=\"twitter:data1\" content=\"1\u00a0Minute\" \/>\n<script type=\"application\/ld+json\" class=\"yoast-schema-graph\">{\"@context\":\"https:\\\/\\\/schema.org\",\"@graph\":[{\"@type\":\"WebPage\",\"@id\":\"https:\\\/\\\/www.agriturismobarba.com\\\/de\\\/\",\"url\":\"https:\\\/\\\/www.agriturismobarba.com\\\/de\\\/\",\"name\":\"Ferienwohnungen & Ferienh\u00e4user in Abruzzen - Agrimare Barba\",\"isPartOf\":{\"@id\":\"https:\\\/\\\/www.agriturismobarba.com\\\/de\\\/#website\"},\"primaryImageOfPage\":{\"@id\":\"https:\\\/\\\/www.agriturismobarba.com\\\/de\\\/#primaryimage\"},\"image\":{\"@id\":\"https:\\\/\\\/www.agriturismobarba.com\\\/de\\\/#primaryimage\"},\"thumbnailUrl\":\"https:\\\/\\\/www.agriturismobarba.com\\\/wp-content\\\/uploads\\\/2016\\\/03\\\/agriturismo-barba-esterno-15-300x200.jpg\",\"datePublished\":\"2016-03-17T09:51:37+00:00\",\"dateModified\":\"2017-05-08T15:04:55+00:00\",\"description\":\"Ferienhaus mit Pool in den Abruzzen zwischen Weinbergen und Olivenhainen der Farm Agrimare Barba kann die Adria und den Gipfel des Gran Sasso bewundern\",\"breadcrumb\":{\"@id\":\"https:\\\/\\\/www.agriturismobarba.com\\\/de\\\/#breadcrumb\"},\"inLanguage\":\"de\",\"potentialAction\":[{\"@type\":\"ReadAction\",\"target\":[\"https:\\\/\\\/www.agriturismobarba.com\\\/de\\\/\"]}]},{\"@type\":\"ImageObject\",\"inLanguage\":\"de\",\"@id\":\"https:\\\/\\\/www.agriturismobarba.com\\\/de\\\/#primaryimage\",\"url\":\"https:\\\/\\\/www.agriturismobarba.com\\\/wp-content\\\/uploads\\\/2016\\\/03\\\/agriturismo-barba-esterno-15-300x200.jpg\",\"contentUrl\":\"https:\\\/\\\/www.agriturismobarba.com\\\/wp-content\\\/uploads\\\/2016\\\/03\\\/agriturismo-barba-esterno-15-300x200.jpg\"},{\"@type\":\"BreadcrumbList\",\"@id\":\"https:\\\/\\\/www.agriturismobarba.com\\\/de\\\/#breadcrumb\",\"itemListElement\":[{\"@type\":\"ListItem\",\"position\":1,\"name\":\"Home\",\"item\":\"https:\\\/\\\/www.agriturismobarba.com\\\/de\\\/\"},{\"@type\":\"ListItem\",\"position\":2,\"name\":\"Agriturismo Agrimare Barba\"}]},{\"@type\":\"WebSite\",\"@id\":\"https:\\\/\\\/www.agriturismobarba.com\\\/de\\\/#website\",\"url\":\"https:\\\/\\\/www.agriturismobarba.com\\\/de\\\/\",\"name\":\"Agriturismo Barba\",\"description\":\"Appartamenti a Pineto, Abruzzo\",\"publisher\":{\"@id\":\"https:\\\/\\\/www.agriturismobarba.com\\\/de\\\/#organization\"},\"potentialAction\":[{\"@type\":\"SearchAction\",\"target\":{\"@type\":\"EntryPoint\",\"urlTemplate\":\"https:\\\/\\\/www.agriturismobarba.com\\\/de\\\/?s={search_term_string}\"},\"query-input\":{\"@type\":\"PropertyValueSpecification\",\"valueRequired\":true,\"valueName\":\"search_term_string\"}}],\"inLanguage\":\"de\"},{\"@type\":\"Organization\",\"@id\":\"https:\\\/\\\/www.agriturismobarba.com\\\/de\\\/#organization\",\"name\":\"Agriturismo Barba\",\"url\":\"https:\\\/\\\/www.agriturismobarba.com\\\/de\\\/\",\"logo\":{\"@type\":\"ImageObject\",\"inLanguage\":\"de\",\"@id\":\"https:\\\/\\\/www.agriturismobarba.com\\\/de\\\/#\\\/schema\\\/logo\\\/image\\\/\",\"url\":\"https:\\\/\\\/www.agriturismobarba.com\\\/wp-content\\\/uploads\\\/2018\\\/02\\\/stellamichelinlogo.png\",\"contentUrl\":\"https:\\\/\\\/www.agriturismobarba.com\\\/wp-content\\\/uploads\\\/2018\\\/02\\\/stellamichelinlogo.png\",\"width\":200,\"height\":200,\"caption\":\"Agriturismo Barba\"},\"image\":{\"@id\":\"https:\\\/\\\/www.agriturismobarba.com\\\/de\\\/#\\\/schema\\\/logo\\\/image\\\/\"}}]}<\/script>\n<!-- \/ Yoast SEO plugin. -->","yoast_head_json":{"title":"Ferienwohnungen & Ferienh\u00e4user in Abruzzen - Agrimare Barba","description":"Ferienhaus mit Pool in den Abruzzen zwischen Weinbergen und Olivenhainen der Farm Agrimare Barba kann die Adria und den Gipfel des Gran Sasso bewundern","robots":{"index":"index","follow":"follow","max-snippet":"max-snippet:-1","max-image-preview":"max-image-preview:large","max-video-preview":"max-video-preview:-1"},"canonical":"https:\/\/www.agriturismobarba.com\/de\/","og_locale":"de_DE","og_type":"article","og_title":"Ferienwohnungen & Ferienh\u00e4user in Abruzzen - Agrimare Barba","og_description":"Ferienhaus mit Pool in den Abruzzen zwischen Weinbergen und Olivenhainen der Farm Agrimare Barba kann die Adria und den Gipfel des Gran Sasso bewundern","og_url":"https:\/\/www.agriturismobarba.com\/de\/","og_site_name":"Agriturismo Barba","article_modified_time":"2017-05-08T15:04:55+00:00","og_image":[{"url":"https:\/\/www.agriturismobarba.com\/wp-content\/uploads\/2016\/03\/agriturismo-barba-esterno-15-300x200.jpg","type":"","width":"","height":""}],"twitter_card":"summary_large_image","twitter_misc":{"Gesch\u00e4tzte Lesezeit":"1\u00a0Minute"},"schema":{"@context":"https:\/\/schema.org","@graph":[{"@type":"WebPage","@id":"https:\/\/www.agriturismobarba.com\/de\/","url":"https:\/\/www.agriturismobarba.com\/de\/","name":"Ferienwohnungen & Ferienh\u00e4user in Abruzzen - Agrimare Barba","isPartOf":{"@id":"https:\/\/www.agriturismobarba.com\/de\/#website"},"primaryImageOfPage":{"@id":"https:\/\/www.agriturismobarba.com\/de\/#primaryimage"},"image":{"@id":"https:\/\/www.agriturismobarba.com\/de\/#primaryimage"},"thumbnailUrl":"https:\/\/www.agriturismobarba.com\/wp-content\/uploads\/2016\/03\/agriturismo-barba-esterno-15-300x200.jpg","datePublished":"2016-03-17T09:51:37+00:00","dateModified":"2017-05-08T15:04:55+00:00","description":"Ferienhaus mit Pool in den Abruzzen zwischen Weinbergen und Olivenhainen der Farm Agrimare Barba kann die Adria und den Gipfel des Gran Sasso bewundern","breadcrumb":{"@id":"https:\/\/www.agriturismobarba.com\/de\/#breadcrumb"},"inLanguage":"de","potentialAction":[{"@type":"ReadAction","target":["https:\/\/www.agriturismobarba.com\/de\/"]}]},{"@type":"ImageObject","inLanguage":"de","@id":"https:\/\/www.agriturismobarba.com\/de\/#primaryimage","url":"https:\/\/www.agriturismobarba.com\/wp-content\/uploads\/2016\/03\/agriturismo-barba-esterno-15-300x200.jpg","contentUrl":"https:\/\/www.agriturismobarba.com\/wp-content\/uploads\/2016\/03\/agriturismo-barba-esterno-15-300x200.jpg"},{"@type":"BreadcrumbList","@id":"https:\/\/www.agriturismobarba.com\/de\/#breadcrumb","itemListElement":[{"@type":"ListItem","position":1,"name":"Home","item":"https:\/\/www.agriturismobarba.com\/de\/"},{"@type":"ListItem","position":2,"name":"Agriturismo Agrimare Barba"}]},{"@type":"WebSite","@id":"https:\/\/www.agriturismobarba.com\/de\/#website","url":"https:\/\/www.agriturismobarba.com\/de\/","name":"Agriturismo Barba","description":"Appartamenti a Pineto, Abruzzo","publisher":{"@id":"https:\/\/www.agriturismobarba.com\/de\/#organization"},"potentialAction":[{"@type":"SearchAction","target":{"@type":"EntryPoint","urlTemplate":"https:\/\/www.agriturismobarba.com\/de\/?s={search_term_string}"},"query-input":{"@type":"PropertyValueSpecification","valueRequired":true,"valueName":"search_term_string"}}],"inLanguage":"de"},{"@type":"Organization","@id":"https:\/\/www.agriturismobarba.com\/de\/#organization","name":"Agriturismo Barba","url":"https:\/\/www.agriturismobarba.com\/de\/","logo":{"@type":"ImageObject","inLanguage":"de","@id":"https:\/\/www.agriturismobarba.com\/de\/#\/schema\/logo\/image\/","url":"https:\/\/www.agriturismobarba.com\/wp-content\/uploads\/2018\/02\/stellamichelinlogo.png","contentUrl":"https:\/\/www.agriturismobarba.com\/wp-content\/uploads\/2018\/02\/stellamichelinlogo.png","width":200,"height":200,"caption":"Agriturismo Barba"},"image":{"@id":"https:\/\/www.agriturismobarba.com\/de\/#\/schema\/logo\/image\/"}}]}},"_links":{"self":[{"href":"https:\/\/www.agriturismobarba.com\/de\/wp-json\/wp\/v2\/pages\/423","targetHints":{"allow":["GET"]}}],"collection":[{"href":"https:\/\/www.agriturismobarba.com\/de\/wp-json\/wp\/v2\/pages"}],"about":[{"href":"https:\/\/www.agriturismobarba.com\/de\/wp-json\/wp\/v2\/types\/page"}],"author":[{"embeddable":true,"href":"https:\/\/www.agriturismobarba.com\/de\/wp-json\/wp\/v2\/users\/3"}],"replies":[{"embeddable":true,"href":"https:\/\/www.agriturismobarba.com\/de\/wp-json\/wp\/v2\/comments?post=423"}],"version-history":[{"count":8,"href":"https:\/\/www.agriturismobarba.com\/de\/wp-json\/wp\/v2\/pages\/423\/revisions"}],"predecessor-version":[{"id":556,"href":"https:\/\/www.agriturismobarba.com\/de\/wp-json\/wp\/v2\/pages\/423\/revisions\/556"}],"wp:attachment":[{"href":"https:\/\/www.agriturismobarba.com\/de\/wp-json\/wp\/v2\/media?parent=423"}],"curies":[{"name":"wp","href":"https:\/\/api.w.org\/{rel}","templated":true}]}}