{"id":426,"date":"2016-03-17T10:45:34","date_gmt":"2016-03-17T09:45:34","guid":{"rendered":"https:\/\/www.agriturismobarba.com\/de\/appartamenti-agriturismo-mare-abruzzo\/"},"modified":"2016-06-01T12:47:15","modified_gmt":"2016-06-01T10:47:15","slug":"die-appartements","status":"publish","type":"page","link":"https:\/\/www.agriturismobarba.com\/de\/die-appartements\/","title":{"rendered":"Die Appartements"},"content":{"rendered":"<div id=\"pl-426\"  class=\"panel-layout\" ><div id=\"pg-426-0\"  class=\"panel-grid panel-no-style\" ><div id=\"pgc-426-0-0\"  class=\"panel-grid-cell\" ><div id=\"panel-426-0-0-0\" class=\"so-panel widget widget_black-studio-tinymce widget_black_studio_tinymce panel-first-child panel-last-child\" data-index=\"0\" ><div class=\"textwidget\"><p>Der Agritourismus setzt sich aus sechs unabh\u00e4ngigen Mini-Appartements unterschiedlicher Art zusammen, die durch die Restaurierung eines alten Landwirtschaftsgeb\u00e4udes errichtet wurden. Die G\u00e4ste k\u00f6nnen zwischen den unterschiedlichen komfortablen L\u00f6sungen w\u00e4hlen, die zu ihrer Verf\u00fcgung stehen, je nach dem, wie sie ihren Urlaub in Abruzzen gestalten wollen.<\/p>\n<p>Die Appartements von Agrimare Barba im rustikalen und gem\u00fctlichen Stil k\u00f6nnen bis zu 4 G\u00e4ste in vollstem Komfort aufnehmen. Sie verf\u00fcgen \u00fcber eine K\u00fcche mit einer Basisausr\u00fcstung f\u00fcr das Kochen, K\u00fchl- und Gefrierschrank, ein privates Badezimmer mit Duschkabine, W\u00e4sche f\u00fcr Bade- und Schlafzimmer, Heizung, LCD-TV und kostenloses Wi-fi.<\/p>\n<p>Auf Anfrage ist es m\u00f6glich, ein Bett oder zwei Stockbetten hinzuzuf\u00fcgen, um bis zu 6 Personen aufzunehmen.<\/p>\n<\/div><\/div><\/div><\/div><div id=\"pg-426-1\"  class=\"panel-grid panel-has-style\" ><div class=\"appartamenti-list panel-row-style panel-row-style-for-426-1\" ><div id=\"pgc-426-1-0\"  class=\"panel-grid-cell\" ><div id=\"panel-426-1-0-0\" class=\"so-panel widget widget_sow-image panel-first-child panel-last-child\" data-index=\"1\" ><div\n\t\t\t\n\t\t\tclass=\"so-widget-sow-image so-widget-sow-image-default-c67d20f9f743-426\"\n\t\t\t\n\t\t>\n<div class=\"sow-image-container\">\n\t\t\t<a href=\"https:\/\/www.agriturismobarba.com\/appartamenti-agriturismo-mare-abruzzo\/appartamento-estivo-montepulciano\/\"\n\t\t\t\t\t>\n\t\t\t<img \n\tsrc=\"https:\/\/www.agriturismobarba.com\/wp-content\/uploads\/2016\/03\/square-agriturismo-barba-appartamento-1.jpg\" width=\"150\" height=\"150\" srcset=\"https:\/\/www.agriturismobarba.com\/wp-content\/uploads\/2016\/03\/square-agriturismo-barba-appartamento-1.jpg 410w, https:\/\/www.agriturismobarba.com\/wp-content\/uploads\/2016\/03\/square-agriturismo-barba-appartamento-1-150x150.jpg 150w, https:\/\/www.agriturismobarba.com\/wp-content\/uploads\/2016\/03\/square-agriturismo-barba-appartamento-1-300x300.jpg 300w\" sizes=\"(max-width: 150px) 100vw, 150px\" alt=\"\" \t\tclass=\"so-widget-image\"\/>\n\t\t\t<\/a><\/div>\n\n<\/div><\/div><\/div><div id=\"pgc-426-1-1\"  class=\"panel-grid-cell\" ><div id=\"panel-426-1-1-0\" class=\"so-panel widget widget_black-studio-tinymce widget_black_studio_tinymce panel-first-child panel-last-child\" data-index=\"2\" ><div class=\"textwidget\"><h2><a href=\"https:\/\/www.agriturismobarba.com\/de\/die-appartements\/appartamento-estivo-montepulciano\/\">Montepulciano<\/a><\/h2>\n<\/div><\/div><\/div><\/div><\/div><div id=\"pg-426-2\"  class=\"panel-grid panel-has-style\" ><div class=\"appartamenti-list panel-row-style panel-row-style-for-426-2\" ><div id=\"pgc-426-2-0\"  class=\"panel-grid-cell\" ><div id=\"panel-426-2-0-0\" class=\"so-panel widget widget_sow-image panel-first-child panel-last-child\" data-index=\"3\" ><div\n\t\t\t\n\t\t\tclass=\"so-widget-sow-image so-widget-sow-image-default-c67d20f9f743-426\"\n\t\t\t\n\t\t>\n<div class=\"sow-image-container\">\n\t\t\t<a href=\"https:\/\/www.agriturismobarba.com\/appartamenti-agriturismo-mare-abruzzo\/appartamento-estivo-trebbiano\/\"\n\t\t\t\t\t>\n\t\t\t<img \n\tsrc=\"https:\/\/www.agriturismobarba.com\/wp-content\/uploads\/2016\/03\/square-agriturismo-barba-appartamento-2.jpg\" width=\"150\" height=\"150\" srcset=\"https:\/\/www.agriturismobarba.com\/wp-content\/uploads\/2016\/03\/square-agriturismo-barba-appartamento-2.jpg 410w, https:\/\/www.agriturismobarba.com\/wp-content\/uploads\/2016\/03\/square-agriturismo-barba-appartamento-2-150x150.jpg 150w, https:\/\/www.agriturismobarba.com\/wp-content\/uploads\/2016\/03\/square-agriturismo-barba-appartamento-2-300x300.jpg 300w\" sizes=\"(max-width: 150px) 100vw, 150px\" alt=\"\" \t\tclass=\"so-widget-image\"\/>\n\t\t\t<\/a><\/div>\n\n<\/div><\/div><\/div><div id=\"pgc-426-2-1\"  class=\"panel-grid-cell\" ><div id=\"panel-426-2-1-0\" class=\"so-panel widget widget_black-studio-tinymce widget_black_studio_tinymce panel-first-child panel-last-child\" data-index=\"4\" ><div class=\"textwidget\"><h2><a href=\"https:\/\/www.agriturismobarba.com\/de\/die-appartements\/appartamento-estivo-trebbiano\/\">Trebbiano<\/a><\/h2>\n<\/div><\/div><\/div><\/div><\/div><div id=\"pg-426-3\"  class=\"panel-grid panel-has-style\" ><div class=\"appartamenti-list panel-row-style panel-row-style-for-426-3\" ><div id=\"pgc-426-3-0\"  class=\"panel-grid-cell\" ><div id=\"panel-426-3-0-0\" class=\"so-panel widget widget_sow-image panel-first-child panel-last-child\" data-index=\"5\" ><div\n\t\t\t\n\t\t\tclass=\"so-widget-sow-image so-widget-sow-image-default-c67d20f9f743-426\"\n\t\t\t\n\t\t>\n<div class=\"sow-image-container\">\n\t\t\t<a href=\"https:\/\/www.agriturismobarba.com\/appartamenti-agriturismo-mare-abruzzo\/appartamento-estivo-cerasuolo\/\"\n\t\t\t\t\t>\n\t\t\t<img \n\tsrc=\"https:\/\/www.agriturismobarba.com\/wp-content\/uploads\/2016\/03\/square-agriturismo-barba-appartamento-3.jpg\" width=\"150\" height=\"150\" srcset=\"https:\/\/www.agriturismobarba.com\/wp-content\/uploads\/2016\/03\/square-agriturismo-barba-appartamento-3.jpg 410w, https:\/\/www.agriturismobarba.com\/wp-content\/uploads\/2016\/03\/square-agriturismo-barba-appartamento-3-150x150.jpg 150w, https:\/\/www.agriturismobarba.com\/wp-content\/uploads\/2016\/03\/square-agriturismo-barba-appartamento-3-300x300.jpg 300w\" sizes=\"(max-width: 150px) 100vw, 150px\" alt=\"\" \t\tclass=\"so-widget-image\"\/>\n\t\t\t<\/a><\/div>\n\n<\/div><\/div><\/div><div id=\"pgc-426-3-1\"  class=\"panel-grid-cell\" ><div id=\"panel-426-3-1-0\" class=\"so-panel widget widget_black-studio-tinymce widget_black_studio_tinymce panel-first-child panel-last-child\" data-index=\"6\" ><div class=\"textwidget\"><h2><a href=\"https:\/\/www.agriturismobarba.com\/de\/die-appartements\/appartamento-estivo-cerasuolo\/\">Cerasuolo<\/a><\/h2>\n<\/div><\/div><\/div><\/div><\/div><div id=\"pg-426-4\"  class=\"panel-grid panel-has-style\" ><div class=\"appartamenti-list panel-row-style panel-row-style-for-426-4\" ><div id=\"pgc-426-4-0\"  class=\"panel-grid-cell\" ><div id=\"panel-426-4-0-0\" class=\"so-panel widget widget_sow-image panel-first-child panel-last-child\" data-index=\"7\" ><div\n\t\t\t\n\t\t\tclass=\"so-widget-sow-image so-widget-sow-image-default-c67d20f9f743-426\"\n\t\t\t\n\t\t>\n<div class=\"sow-image-container\">\n\t\t\t<a href=\"https:\/\/www.agriturismobarba.com\/appartamenti-agriturismo-mare-abruzzo\/appartamento-estivo-sauvignon\/\"\n\t\t\t\t\t>\n\t\t\t<img \n\tsrc=\"https:\/\/www.agriturismobarba.com\/wp-content\/uploads\/2016\/03\/square-agriturismo-barba-appartamento-4.jpg\" width=\"150\" height=\"150\" srcset=\"https:\/\/www.agriturismobarba.com\/wp-content\/uploads\/2016\/03\/square-agriturismo-barba-appartamento-4.jpg 410w, https:\/\/www.agriturismobarba.com\/wp-content\/uploads\/2016\/03\/square-agriturismo-barba-appartamento-4-150x150.jpg 150w, https:\/\/www.agriturismobarba.com\/wp-content\/uploads\/2016\/03\/square-agriturismo-barba-appartamento-4-300x300.jpg 300w\" sizes=\"(max-width: 150px) 100vw, 150px\" alt=\"\" \t\tclass=\"so-widget-image\"\/>\n\t\t\t<\/a><\/div>\n\n<\/div><\/div><\/div><div id=\"pgc-426-4-1\"  class=\"panel-grid-cell\" ><div id=\"panel-426-4-1-0\" class=\"so-panel widget widget_black-studio-tinymce widget_black_studio_tinymce panel-first-child panel-last-child\" data-index=\"8\" ><div class=\"textwidget\"><h2><a href=\"https:\/\/www.agriturismobarba.com\/de\/die-appartements\/appartamento-estivo-sauvignon\/\">Sauvignon<\/a><\/h2>\n<\/div><\/div><\/div><\/div><\/div><div id=\"pg-426-5\"  class=\"panel-grid panel-has-style\" ><div class=\"appartamenti-list panel-row-style panel-row-style-for-426-5\" ><div id=\"pgc-426-5-0\"  class=\"panel-grid-cell\" ><div id=\"panel-426-5-0-0\" class=\"so-panel widget widget_sow-image panel-first-child panel-last-child\" data-index=\"9\" ><div\n\t\t\t\n\t\t\tclass=\"so-widget-sow-image so-widget-sow-image-default-c67d20f9f743-426\"\n\t\t\t\n\t\t>\n<div class=\"sow-image-container\">\n\t\t\t<a href=\"https:\/\/www.agriturismobarba.com\/appartamenti-agriturismo-mare-abruzzo\/appartamento-estivo-chardonnay\/\"\n\t\t\t\t\t>\n\t\t\t<img \n\tsrc=\"https:\/\/www.agriturismobarba.com\/wp-content\/uploads\/2016\/03\/square-agriturismo-barba-appartamento-5.jpg\" width=\"150\" height=\"150\" srcset=\"https:\/\/www.agriturismobarba.com\/wp-content\/uploads\/2016\/03\/square-agriturismo-barba-appartamento-5.jpg 410w, https:\/\/www.agriturismobarba.com\/wp-content\/uploads\/2016\/03\/square-agriturismo-barba-appartamento-5-150x150.jpg 150w, https:\/\/www.agriturismobarba.com\/wp-content\/uploads\/2016\/03\/square-agriturismo-barba-appartamento-5-300x300.jpg 300w\" sizes=\"(max-width: 150px) 100vw, 150px\" alt=\"\" \t\tclass=\"so-widget-image\"\/>\n\t\t\t<\/a><\/div>\n\n<\/div><\/div><\/div><div id=\"pgc-426-5-1\"  class=\"panel-grid-cell\" ><div id=\"panel-426-5-1-0\" class=\"so-panel widget widget_black-studio-tinymce widget_black_studio_tinymce panel-first-child panel-last-child\" data-index=\"10\" ><div class=\"textwidget\"><h2><a href=\"https:\/\/www.agriturismobarba.com\/de\/die-appartements\/appartamento-estivo-chardonnay\/\">Chardonnay<\/a><\/h2>\n<\/div><\/div><\/div><\/div><\/div><div id=\"pg-426-6\"  class=\"panel-grid panel-has-style\" ><div class=\"appartamenti-list panel-row-style panel-row-style-for-426-6\" ><div id=\"pgc-426-6-0\"  class=\"panel-grid-cell\" ><div id=\"panel-426-6-0-0\" class=\"so-panel widget widget_sow-image panel-first-child panel-last-child\" data-index=\"11\" ><div\n\t\t\t\n\t\t\tclass=\"so-widget-sow-image so-widget-sow-image-default-c67d20f9f743-426\"\n\t\t\t\n\t\t>\n<div class=\"sow-image-container\">\n\t\t\t<a href=\"https:\/\/www.agriturismobarba.com\/appartamenti-agriturismo-mare-abruzzo\/appartamento-estivo-merlot\/\"\n\t\t\t\t\t>\n\t\t\t<img \n\tsrc=\"https:\/\/www.agriturismobarba.com\/wp-content\/uploads\/2016\/03\/square-agriturismo-barba-appartamento-6.jpg\" width=\"150\" height=\"150\" srcset=\"https:\/\/www.agriturismobarba.com\/wp-content\/uploads\/2016\/03\/square-agriturismo-barba-appartamento-6.jpg 410w, https:\/\/www.agriturismobarba.com\/wp-content\/uploads\/2016\/03\/square-agriturismo-barba-appartamento-6-150x150.jpg 150w, https:\/\/www.agriturismobarba.com\/wp-content\/uploads\/2016\/03\/square-agriturismo-barba-appartamento-6-300x300.jpg 300w\" sizes=\"(max-width: 150px) 100vw, 150px\" alt=\"\" \t\tclass=\"so-widget-image\"\/>\n\t\t\t<\/a><\/div>\n\n<\/div><\/div><\/div><div id=\"pgc-426-6-1\"  class=\"panel-grid-cell\" ><div id=\"panel-426-6-1-0\" class=\"so-panel widget widget_black-studio-tinymce widget_black_studio_tinymce panel-first-child panel-last-child\" data-index=\"12\" ><div class=\"textwidget\"><h2><a href=\"https:\/\/www.agriturismobarba.com\/de\/die-appartements\/appartamento-estivo-merlot\/\">Merlot<\/a><\/h2>\n<\/div><\/div><\/div><\/div><\/div><\/div>","protected":false},"excerpt":{"rendered":"<p>Der Agritourismus setzt sich aus sechs unabh\u00e4ngigen Mini-Appartements unterschiedlicher Art zusammen, die durch die Restaurierung eines alten Landwirtschaftsgeb\u00e4udes errichtet wurden. Die G\u00e4ste k\u00f6nnen zwischen den unterschiedlichen komfortablen L\u00f6sungen w\u00e4hlen, die zu ihrer Verf\u00fcgung stehen, je nach dem, wie sie ihren Urlaub in Abruzzen gestalten wollen.Die Appartements von Agrimare Barba im rustikalen und gem\u00fctlichen Stil k\u00f6nnen [&hellip;]<\/p>\n","protected":false},"author":3,"featured_media":719,"parent":0,"menu_order":2,"comment_status":"closed","ping_status":"closed","template":"","meta":{"_genesis_hide_title":false,"_genesis_hide_breadcrumbs":false,"_genesis_hide_singular_image":false,"_genesis_hide_footer_widgets":false,"_genesis_custom_body_class":"","_genesis_custom_post_class":"","_genesis_layout":"","footnotes":""},"class_list":{"0":"post-426","1":"page","2":"type-page","3":"status-publish","4":"has-post-thumbnail","6":"entry"},"yoast_head":"<!-- This site is optimized with the Yoast SEO plugin v27.6 - https:\/\/yoast.com\/product\/yoast-seo-wordpress\/ -->\n<title>Die Appartements - Agriturismo Barba<\/title>\n<meta name=\"robots\" content=\"index, follow, max-snippet:-1, max-image-preview:large, max-video-preview:-1\" \/>\n<link rel=\"canonical\" href=\"https:\/\/www.agriturismobarba.com\/de\/die-appartements\/\" \/>\n<meta property=\"og:locale\" content=\"de_DE\" \/>\n<meta property=\"og:type\" content=\"article\" \/>\n<meta property=\"og:title\" content=\"Die Appartements - Agriturismo Barba\" \/>\n<meta property=\"og:description\" content=\"Der Agritourismus setzt sich aus sechs unabh\u00e4ngigen Mini-Appartements unterschiedlicher Art zusammen, die durch die Restaurierung eines alten Landwirtschaftsgeb\u00e4udes errichtet wurden. Die G\u00e4ste k\u00f6nnen zwischen den unterschiedlichen komfortablen L\u00f6sungen w\u00e4hlen, die zu ihrer Verf\u00fcgung stehen, je nach dem, wie sie ihren Urlaub in Abruzzen gestalten wollen.Die Appartements von Agrimare Barba im rustikalen und gem\u00fctlichen Stil k\u00f6nnen [&hellip;]\" \/>\n<meta property=\"og:url\" content=\"https:\/\/www.agriturismobarba.com\/de\/die-appartements\/\" \/>\n<meta property=\"og:site_name\" content=\"Agriturismo Barba\" \/>\n<meta property=\"article:modified_time\" content=\"2016-06-01T10:47:15+00:00\" \/>\n<meta property=\"og:image\" content=\"https:\/\/www.agriturismobarba.com\/wp-content\/uploads\/2016\/04\/agriturismo-barba-finestra.jpg\" \/>\n\t<meta property=\"og:image:width\" content=\"1920\" \/>\n\t<meta property=\"og:image:height\" content=\"600\" \/>\n\t<meta property=\"og:image:type\" content=\"image\/jpeg\" \/>\n<meta name=\"twitter:card\" content=\"summary_large_image\" \/>\n<meta name=\"twitter:label1\" content=\"Gesch\u00e4tzte Lesezeit\" \/>\n\t<meta name=\"twitter:data1\" content=\"1\u00a0Minute\" \/>\n<script type=\"application\/ld+json\" class=\"yoast-schema-graph\">{\"@context\":\"https:\\\/\\\/schema.org\",\"@graph\":[{\"@type\":\"WebPage\",\"@id\":\"https:\\\/\\\/www.agriturismobarba.com\\\/de\\\/die-appartements\\\/\",\"url\":\"https:\\\/\\\/www.agriturismobarba.com\\\/de\\\/die-appartements\\\/\",\"name\":\"Die Appartements - Agriturismo Barba\",\"isPartOf\":{\"@id\":\"https:\\\/\\\/www.agriturismobarba.com\\\/de\\\/#website\"},\"primaryImageOfPage\":{\"@id\":\"https:\\\/\\\/www.agriturismobarba.com\\\/de\\\/die-appartements\\\/#primaryimage\"},\"image\":{\"@id\":\"https:\\\/\\\/www.agriturismobarba.com\\\/de\\\/die-appartements\\\/#primaryimage\"},\"thumbnailUrl\":\"https:\\\/\\\/www.agriturismobarba.com\\\/wp-content\\\/uploads\\\/2016\\\/04\\\/agriturismo-barba-finestra.jpg\",\"datePublished\":\"2016-03-17T09:45:34+00:00\",\"dateModified\":\"2016-06-01T10:47:15+00:00\",\"breadcrumb\":{\"@id\":\"https:\\\/\\\/www.agriturismobarba.com\\\/de\\\/die-appartements\\\/#breadcrumb\"},\"inLanguage\":\"de\",\"potentialAction\":[{\"@type\":\"ReadAction\",\"target\":[\"https:\\\/\\\/www.agriturismobarba.com\\\/de\\\/die-appartements\\\/\"]}]},{\"@type\":\"ImageObject\",\"inLanguage\":\"de\",\"@id\":\"https:\\\/\\\/www.agriturismobarba.com\\\/de\\\/die-appartements\\\/#primaryimage\",\"url\":\"https:\\\/\\\/www.agriturismobarba.com\\\/wp-content\\\/uploads\\\/2016\\\/04\\\/agriturismo-barba-finestra.jpg\",\"contentUrl\":\"https:\\\/\\\/www.agriturismobarba.com\\\/wp-content\\\/uploads\\\/2016\\\/04\\\/agriturismo-barba-finestra.jpg\",\"width\":1920,\"height\":600},{\"@type\":\"BreadcrumbList\",\"@id\":\"https:\\\/\\\/www.agriturismobarba.com\\\/de\\\/die-appartements\\\/#breadcrumb\",\"itemListElement\":[{\"@type\":\"ListItem\",\"position\":1,\"name\":\"Home\",\"item\":\"https:\\\/\\\/www.agriturismobarba.com\\\/de\\\/\"},{\"@type\":\"ListItem\",\"position\":2,\"name\":\"Die Appartements\"}]},{\"@type\":\"WebSite\",\"@id\":\"https:\\\/\\\/www.agriturismobarba.com\\\/de\\\/#website\",\"url\":\"https:\\\/\\\/www.agriturismobarba.com\\\/de\\\/\",\"name\":\"Agriturismo Barba\",\"description\":\"Appartamenti a Pineto, Abruzzo\",\"publisher\":{\"@id\":\"https:\\\/\\\/www.agriturismobarba.com\\\/de\\\/#organization\"},\"potentialAction\":[{\"@type\":\"SearchAction\",\"target\":{\"@type\":\"EntryPoint\",\"urlTemplate\":\"https:\\\/\\\/www.agriturismobarba.com\\\/de\\\/?s={search_term_string}\"},\"query-input\":{\"@type\":\"PropertyValueSpecification\",\"valueRequired\":true,\"valueName\":\"search_term_string\"}}],\"inLanguage\":\"de\"},{\"@type\":\"Organization\",\"@id\":\"https:\\\/\\\/www.agriturismobarba.com\\\/de\\\/#organization\",\"name\":\"Agriturismo Barba\",\"url\":\"https:\\\/\\\/www.agriturismobarba.com\\\/de\\\/\",\"logo\":{\"@type\":\"ImageObject\",\"inLanguage\":\"de\",\"@id\":\"https:\\\/\\\/www.agriturismobarba.com\\\/de\\\/#\\\/schema\\\/logo\\\/image\\\/\",\"url\":\"https:\\\/\\\/www.agriturismobarba.com\\\/wp-content\\\/uploads\\\/2018\\\/02\\\/stellamichelinlogo.png\",\"contentUrl\":\"https:\\\/\\\/www.agriturismobarba.com\\\/wp-content\\\/uploads\\\/2018\\\/02\\\/stellamichelinlogo.png\",\"width\":200,\"height\":200,\"caption\":\"Agriturismo Barba\"},\"image\":{\"@id\":\"https:\\\/\\\/www.agriturismobarba.com\\\/de\\\/#\\\/schema\\\/logo\\\/image\\\/\"}}]}<\/script>\n<!-- \/ Yoast SEO plugin. -->","yoast_head_json":{"title":"Die Appartements - Agriturismo Barba","robots":{"index":"index","follow":"follow","max-snippet":"max-snippet:-1","max-image-preview":"max-image-preview:large","max-video-preview":"max-video-preview:-1"},"canonical":"https:\/\/www.agriturismobarba.com\/de\/die-appartements\/","og_locale":"de_DE","og_type":"article","og_title":"Die Appartements - Agriturismo Barba","og_description":"Der Agritourismus setzt sich aus sechs unabh\u00e4ngigen Mini-Appartements unterschiedlicher Art zusammen, die durch die Restaurierung eines alten Landwirtschaftsgeb\u00e4udes errichtet wurden. Die G\u00e4ste k\u00f6nnen zwischen den unterschiedlichen komfortablen L\u00f6sungen w\u00e4hlen, die zu ihrer Verf\u00fcgung stehen, je nach dem, wie sie ihren Urlaub in Abruzzen gestalten wollen.Die Appartements von Agrimare Barba im rustikalen und gem\u00fctlichen Stil k\u00f6nnen [&hellip;]","og_url":"https:\/\/www.agriturismobarba.com\/de\/die-appartements\/","og_site_name":"Agriturismo Barba","article_modified_time":"2016-06-01T10:47:15+00:00","og_image":[{"width":1920,"height":600,"url":"https:\/\/www.agriturismobarba.com\/wp-content\/uploads\/2016\/04\/agriturismo-barba-finestra.jpg","type":"image\/jpeg"}],"twitter_card":"summary_large_image","twitter_misc":{"Gesch\u00e4tzte Lesezeit":"1\u00a0Minute"},"schema":{"@context":"https:\/\/schema.org","@graph":[{"@type":"WebPage","@id":"https:\/\/www.agriturismobarba.com\/de\/die-appartements\/","url":"https:\/\/www.agriturismobarba.com\/de\/die-appartements\/","name":"Die Appartements - Agriturismo Barba","isPartOf":{"@id":"https:\/\/www.agriturismobarba.com\/de\/#website"},"primaryImageOfPage":{"@id":"https:\/\/www.agriturismobarba.com\/de\/die-appartements\/#primaryimage"},"image":{"@id":"https:\/\/www.agriturismobarba.com\/de\/die-appartements\/#primaryimage"},"thumbnailUrl":"https:\/\/www.agriturismobarba.com\/wp-content\/uploads\/2016\/04\/agriturismo-barba-finestra.jpg","datePublished":"2016-03-17T09:45:34+00:00","dateModified":"2016-06-01T10:47:15+00:00","breadcrumb":{"@id":"https:\/\/www.agriturismobarba.com\/de\/die-appartements\/#breadcrumb"},"inLanguage":"de","potentialAction":[{"@type":"ReadAction","target":["https:\/\/www.agriturismobarba.com\/de\/die-appartements\/"]}]},{"@type":"ImageObject","inLanguage":"de","@id":"https:\/\/www.agriturismobarba.com\/de\/die-appartements\/#primaryimage","url":"https:\/\/www.agriturismobarba.com\/wp-content\/uploads\/2016\/04\/agriturismo-barba-finestra.jpg","contentUrl":"https:\/\/www.agriturismobarba.com\/wp-content\/uploads\/2016\/04\/agriturismo-barba-finestra.jpg","width":1920,"height":600},{"@type":"BreadcrumbList","@id":"https:\/\/www.agriturismobarba.com\/de\/die-appartements\/#breadcrumb","itemListElement":[{"@type":"ListItem","position":1,"name":"Home","item":"https:\/\/www.agriturismobarba.com\/de\/"},{"@type":"ListItem","position":2,"name":"Die Appartements"}]},{"@type":"WebSite","@id":"https:\/\/www.agriturismobarba.com\/de\/#website","url":"https:\/\/www.agriturismobarba.com\/de\/","name":"Agriturismo Barba","description":"Appartamenti a Pineto, Abruzzo","publisher":{"@id":"https:\/\/www.agriturismobarba.com\/de\/#organization"},"potentialAction":[{"@type":"SearchAction","target":{"@type":"EntryPoint","urlTemplate":"https:\/\/www.agriturismobarba.com\/de\/?s={search_term_string}"},"query-input":{"@type":"PropertyValueSpecification","valueRequired":true,"valueName":"search_term_string"}}],"inLanguage":"de"},{"@type":"Organization","@id":"https:\/\/www.agriturismobarba.com\/de\/#organization","name":"Agriturismo Barba","url":"https:\/\/www.agriturismobarba.com\/de\/","logo":{"@type":"ImageObject","inLanguage":"de","@id":"https:\/\/www.agriturismobarba.com\/de\/#\/schema\/logo\/image\/","url":"https:\/\/www.agriturismobarba.com\/wp-content\/uploads\/2018\/02\/stellamichelinlogo.png","contentUrl":"https:\/\/www.agriturismobarba.com\/wp-content\/uploads\/2018\/02\/stellamichelinlogo.png","width":200,"height":200,"caption":"Agriturismo Barba"},"image":{"@id":"https:\/\/www.agriturismobarba.com\/de\/#\/schema\/logo\/image\/"}}]}},"_links":{"self":[{"href":"https:\/\/www.agriturismobarba.com\/de\/wp-json\/wp\/v2\/pages\/426","targetHints":{"allow":["GET"]}}],"collection":[{"href":"https:\/\/www.agriturismobarba.com\/de\/wp-json\/wp\/v2\/pages"}],"about":[{"href":"https:\/\/www.agriturismobarba.com\/de\/wp-json\/wp\/v2\/types\/page"}],"author":[{"embeddable":true,"href":"https:\/\/www.agriturismobarba.com\/de\/wp-json\/wp\/v2\/users\/3"}],"replies":[{"embeddable":true,"href":"https:\/\/www.agriturismobarba.com\/de\/wp-json\/wp\/v2\/comments?post=426"}],"version-history":[{"count":4,"href":"https:\/\/www.agriturismobarba.com\/de\/wp-json\/wp\/v2\/pages\/426\/revisions"}],"predecessor-version":[{"id":619,"href":"https:\/\/www.agriturismobarba.com\/de\/wp-json\/wp\/v2\/pages\/426\/revisions\/619"}],"wp:featuredmedia":[{"embeddable":true,"href":"https:\/\/www.agriturismobarba.com\/de\/wp-json\/wp\/v2\/media\/719"}],"wp:attachment":[{"href":"https:\/\/www.agriturismobarba.com\/de\/wp-json\/wp\/v2\/media?parent=426"}],"curies":[{"name":"wp","href":"https:\/\/api.w.org\/{rel}","templated":true}]}}