{"id":468,"date":"2016-04-12T11:44:18","date_gmt":"2016-04-12T09:44:18","guid":{"rendered":"https:\/\/www.agriturismobarba.com\/de\/contatti-agriturismo\/"},"modified":"2016-06-01T12:44:23","modified_gmt":"2016-06-01T10:44:23","slug":"kontakt","status":"publish","type":"page","link":"https:\/\/www.agriturismobarba.com\/de\/kontakt\/","title":{"rendered":"Kontakt"},"content":{"rendered":"<div id=\"pl-468\"  class=\"panel-layout\" ><div id=\"pg-468-0\"  class=\"panel-grid panel-no-style\" ><div id=\"pgc-468-0-0\"  class=\"panel-grid-cell\" ><div id=\"panel-468-0-0-0\" class=\"so-panel widget widget_black-studio-tinymce widget_black_studio_tinymce panel-first-child panel-last-child\" data-index=\"0\" ><div class=\"textwidget\"><p><iframe loading=\"lazy\" src=\"https:\/\/www.google.com\/maps\/embed?pb=!1m14!1m8!1m3!1d1702.669646900535!2d14.0353611!3d42.6350098!3m2!1i1024!2i768!4f13.1!3m3!1m2!1s0x1331963f320fa88f%3A0x3ee69af7202a5203!2sAgriturismo+Agrimare+Barba!5e1!3m2!1sit!2sit!4v1460641093476\" width=\"600\" height=\"450\" frameborder=\"0\" style=\"border:0\" allowfullscreen><\/iframe><\/p>\n<\/div><\/div><\/div><div id=\"pgc-468-0-1\"  class=\"panel-grid-cell\" ><div id=\"panel-468-0-1-0\" class=\"so-panel widget widget_black-studio-tinymce widget_black_studio_tinymce panel-first-child panel-last-child\" data-index=\"1\" ><div class=\"textwidget\"><p>Strada Rotabile per Casoli (SP27)<br \/>Scerne di Pineto<br \/>64025 Pineto (TE)<\/p>\n<p>Email:\u00a0<a href=\"mailto:info@agriturismobarba.com\">info@agriturismobarba.com<\/a><\/p>\n<p>Tel. (+39)\u00a0392 066 4406<\/p>\n<p>GPS:\u00a042.634781, 14.035587<\/p>\n<\/div><\/div><\/div><\/div><div id=\"pg-468-1\"  class=\"panel-grid panel-no-style\" ><div id=\"pgc-468-1-0\"  class=\"panel-grid-cell\" ><div id=\"panel-468-1-0-0\" class=\"so-panel widget widget_black-studio-tinymce widget_black_studio_tinymce panel-first-child panel-last-child\" data-index=\"2\" ><div class=\"textwidget\"><h2>Informationen anfordern<\/h2>\n<p>\n<div class=\"wpcf7 no-js\" id=\"wpcf7-f471-o1\" lang=\"en-US\" dir=\"ltr\" data-wpcf7-id=\"471\">\n<div class=\"screen-reader-response\"><p role=\"status\" aria-live=\"polite\" aria-atomic=\"true\"><\/p> <ul><\/ul><\/div>\n<form action=\"\/de\/wp-json\/wp\/v2\/pages\/468#wpcf7-f471-o1\" method=\"post\" class=\"wpcf7-form init\" aria-label=\"Contact form\" novalidate=\"novalidate\" data-status=\"init\">\n<fieldset class=\"hidden-fields-container\"><input type=\"hidden\" name=\"_wpcf7\" value=\"471\" \/><input type=\"hidden\" name=\"_wpcf7_version\" value=\"6.1.6\" \/><input type=\"hidden\" name=\"_wpcf7_locale\" value=\"en_US\" \/><input type=\"hidden\" name=\"_wpcf7_unit_tag\" value=\"wpcf7-f471-o1\" \/><input type=\"hidden\" name=\"_wpcf7_container_post\" value=\"0\" \/><input type=\"hidden\" name=\"_wpcf7_posted_data_hash\" value=\"\" \/>\n<\/fieldset>\n<p>Vor- und Nachname (required)\n<\/p>\n<p><span class=\"wpcf7-form-control-wrap\" data-name=\"your-name\"><input size=\"40\" maxlength=\"400\" class=\"wpcf7-form-control wpcf7-text wpcf7-validates-as-required\" aria-required=\"true\" aria-invalid=\"false\" value=\"\" type=\"text\" name=\"your-name\" \/><\/span>\n<\/p>\n<p>E-Mail (required)\n<\/p>\n<p><span class=\"wpcf7-form-control-wrap\" data-name=\"your-email\"><input size=\"40\" maxlength=\"400\" class=\"wpcf7-form-control wpcf7-email wpcf7-validates-as-required wpcf7-text wpcf7-validates-as-email\" aria-required=\"true\" aria-invalid=\"false\" value=\"\" type=\"email\" name=\"your-email\" \/><\/span>\n<\/p>\n<p>Betreff\n<\/p>\n<p><span class=\"wpcf7-form-control-wrap\" data-name=\"your-subject\"><input size=\"40\" maxlength=\"400\" class=\"wpcf7-form-control wpcf7-text\" aria-invalid=\"false\" value=\"\" type=\"text\" name=\"your-subject\" \/><\/span>\n<\/p>\n<p>Deine Nachricht\n<\/p>\n<p><span class=\"wpcf7-form-control-wrap\" data-name=\"your-message\"><textarea cols=\"40\" rows=\"10\" maxlength=\"2000\" class=\"wpcf7-form-control wpcf7-textarea\" aria-invalid=\"false\" name=\"your-message\"><\/textarea><\/span>\n<\/p>\n<p class=\"privacy\"><span class=\"wpcf7-form-control-wrap\" data-name=\"privacy\"><span class=\"wpcf7-form-control wpcf7-acceptance\"><span class=\"wpcf7-list-item\"><input type=\"checkbox\" name=\"privacy\" value=\"1\" aria-invalid=\"false\" \/><\/span><\/span><\/span><small>Ich akzeptiere die <a href=\"https:\/\/privacy.blackstudio.it\/?d=www.agriturismobarba.com&l=de\" class=\"privacy-policy-link\" target=\"_blank\">Privacy Policy<\/a> dieser Seite und stimme der Behandlung der pers\u00f6nlichen Daten gem\u00e4\u00df Art. 13 des D.Lgs. N.196 vom 30\/06\/2003 zu.<\/small>\n<\/p>\n<p><span class=\"wpcf7-form-control-wrap\" data-name=\"hcap-cf7\">\t\t<input\n\t\t\t\ttype=\"hidden\"\n\t\t\t\tclass=\"hcaptcha-widget-id\"\n\t\t\t\tname=\"hcaptcha-widget-id\"\n\t\t\t\tvalue=\"eyJzb3VyY2UiOlsiY29udGFjdC1mb3JtLTdcL3dwLWNvbnRhY3QtZm9ybS03LnBocCJdLCJmb3JtX2lkIjo0NzF9-32bc807ec57c95ca593d0478f7c7cbb4\">\n\t\t\t\t<span id=\"hcap_cf7-6a0955dc909429.63493684\" class=\"wpcf7-form-control h-captcha \"\n\t\t\tdata-sitekey=\"cd3043b0-3f9a-4e74-ad00-e572ee7e05d8\"\n\t\t\tdata-theme=\"light\"\n\t\t\tdata-size=\"normal\"\n\t\t\tdata-auto=\"false\"\n\t\t\tdata-ajax=\"false\"\n\t\t\tdata-force=\"false\">\n\t\t<\/span>\n\t\t<input type=\"hidden\" id=\"_wpnonce\" name=\"_wpnonce\" value=\"f079e04b90\" \/><input type=\"hidden\" name=\"_wp_http_referer\" value=\"\/de\/wp-json\/wp\/v2\/pages\/468\" \/><\/span><input class=\"wpcf7-form-control wpcf7-submit has-spinner\" type=\"submit\" value=\"Send\" \/>\n<\/p><div class=\"wpcf7-response-output\" aria-hidden=\"true\"><\/div>\n<\/form>\n<\/div>\n<\/p>\n<\/div><\/div><\/div><\/div><\/div>","protected":false},"excerpt":{"rendered":"<p>Strada Rotabile per Casoli (SP27)Scerne di Pineto64025 Pineto (TE)Email:\u00a0info@agriturismobarba.comTel. (+39)\u00a0392 066 4406GPS:\u00a042.634781, 14.035587 Informationen anfordern<\/p>\n","protected":false},"author":3,"featured_media":479,"parent":0,"menu_order":6,"comment_status":"closed","ping_status":"closed","template":"","meta":{"_genesis_hide_title":false,"_genesis_hide_breadcrumbs":false,"_genesis_hide_singular_image":false,"_genesis_hide_footer_widgets":false,"_genesis_custom_body_class":"","_genesis_custom_post_class":"","_genesis_layout":"","footnotes":""},"class_list":{"0":"post-468","1":"page","2":"type-page","3":"status-publish","4":"has-post-thumbnail","6":"entry"},"yoast_head":"<!-- This site is optimized with the Yoast SEO plugin v27.6 - https:\/\/yoast.com\/product\/yoast-seo-wordpress\/ -->\n<title>Kontakt - Agriturismo Barba<\/title>\n<meta name=\"robots\" content=\"index, follow, max-snippet:-1, max-image-preview:large, max-video-preview:-1\" \/>\n<link rel=\"canonical\" href=\"https:\/\/www.agriturismobarba.com\/de\/kontakt\/\" \/>\n<meta property=\"og:locale\" content=\"de_DE\" \/>\n<meta property=\"og:type\" content=\"article\" \/>\n<meta property=\"og:title\" content=\"Kontakt - Agriturismo Barba\" \/>\n<meta property=\"og:description\" content=\"Strada Rotabile per Casoli (SP27)Scerne di Pineto64025 Pineto (TE)Email:\u00a0info@agriturismobarba.comTel. (+39)\u00a0392 066 4406GPS:\u00a042.634781, 14.035587 Informationen anfordern\" \/>\n<meta property=\"og:url\" content=\"https:\/\/www.agriturismobarba.com\/de\/kontakt\/\" \/>\n<meta property=\"og:site_name\" content=\"Agriturismo Barba\" \/>\n<meta property=\"article:modified_time\" content=\"2016-06-01T10:44:23+00:00\" \/>\n<meta property=\"og:image\" content=\"https:\/\/www.agriturismobarba.com\/wp-content\/uploads\/2016\/06\/agriturismo-barba-piscina-02s.jpg\" \/>\n\t<meta property=\"og:image:width\" content=\"1920\" \/>\n\t<meta property=\"og:image:height\" content=\"600\" \/>\n\t<meta property=\"og:image:type\" content=\"image\/jpeg\" \/>\n<meta name=\"twitter:card\" content=\"summary_large_image\" \/>\n<script type=\"application\/ld+json\" class=\"yoast-schema-graph\">{\"@context\":\"https:\\\/\\\/schema.org\",\"@graph\":[{\"@type\":\"WebPage\",\"@id\":\"https:\\\/\\\/www.agriturismobarba.com\\\/de\\\/kontakt\\\/\",\"url\":\"https:\\\/\\\/www.agriturismobarba.com\\\/de\\\/kontakt\\\/\",\"name\":\"Kontakt - Agriturismo Barba\",\"isPartOf\":{\"@id\":\"https:\\\/\\\/www.agriturismobarba.com\\\/de\\\/#website\"},\"primaryImageOfPage\":{\"@id\":\"https:\\\/\\\/www.agriturismobarba.com\\\/de\\\/kontakt\\\/#primaryimage\"},\"image\":{\"@id\":\"https:\\\/\\\/www.agriturismobarba.com\\\/de\\\/kontakt\\\/#primaryimage\"},\"thumbnailUrl\":\"https:\\\/\\\/www.agriturismobarba.com\\\/wp-content\\\/uploads\\\/2016\\\/06\\\/agriturismo-barba-piscina-02s.jpg\",\"datePublished\":\"2016-04-12T09:44:18+00:00\",\"dateModified\":\"2016-06-01T10:44:23+00:00\",\"breadcrumb\":{\"@id\":\"https:\\\/\\\/www.agriturismobarba.com\\\/de\\\/kontakt\\\/#breadcrumb\"},\"inLanguage\":\"de\",\"potentialAction\":[{\"@type\":\"ReadAction\",\"target\":[\"https:\\\/\\\/www.agriturismobarba.com\\\/de\\\/kontakt\\\/\"]}]},{\"@type\":\"ImageObject\",\"inLanguage\":\"de\",\"@id\":\"https:\\\/\\\/www.agriturismobarba.com\\\/de\\\/kontakt\\\/#primaryimage\",\"url\":\"https:\\\/\\\/www.agriturismobarba.com\\\/wp-content\\\/uploads\\\/2016\\\/06\\\/agriturismo-barba-piscina-02s.jpg\",\"contentUrl\":\"https:\\\/\\\/www.agriturismobarba.com\\\/wp-content\\\/uploads\\\/2016\\\/06\\\/agriturismo-barba-piscina-02s.jpg\",\"width\":1920,\"height\":600},{\"@type\":\"BreadcrumbList\",\"@id\":\"https:\\\/\\\/www.agriturismobarba.com\\\/de\\\/kontakt\\\/#breadcrumb\",\"itemListElement\":[{\"@type\":\"ListItem\",\"position\":1,\"name\":\"Home\",\"item\":\"https:\\\/\\\/www.agriturismobarba.com\\\/de\\\/\"},{\"@type\":\"ListItem\",\"position\":2,\"name\":\"Kontakt\"}]},{\"@type\":\"WebSite\",\"@id\":\"https:\\\/\\\/www.agriturismobarba.com\\\/de\\\/#website\",\"url\":\"https:\\\/\\\/www.agriturismobarba.com\\\/de\\\/\",\"name\":\"Agriturismo Barba\",\"description\":\"Appartamenti a Pineto, Abruzzo\",\"publisher\":{\"@id\":\"https:\\\/\\\/www.agriturismobarba.com\\\/de\\\/#organization\"},\"potentialAction\":[{\"@type\":\"SearchAction\",\"target\":{\"@type\":\"EntryPoint\",\"urlTemplate\":\"https:\\\/\\\/www.agriturismobarba.com\\\/de\\\/?s={search_term_string}\"},\"query-input\":{\"@type\":\"PropertyValueSpecification\",\"valueRequired\":true,\"valueName\":\"search_term_string\"}}],\"inLanguage\":\"de\"},{\"@type\":\"Organization\",\"@id\":\"https:\\\/\\\/www.agriturismobarba.com\\\/de\\\/#organization\",\"name\":\"Agriturismo Barba\",\"url\":\"https:\\\/\\\/www.agriturismobarba.com\\\/de\\\/\",\"logo\":{\"@type\":\"ImageObject\",\"inLanguage\":\"de\",\"@id\":\"https:\\\/\\\/www.agriturismobarba.com\\\/de\\\/#\\\/schema\\\/logo\\\/image\\\/\",\"url\":\"https:\\\/\\\/www.agriturismobarba.com\\\/wp-content\\\/uploads\\\/2018\\\/02\\\/stellamichelinlogo.png\",\"contentUrl\":\"https:\\\/\\\/www.agriturismobarba.com\\\/wp-content\\\/uploads\\\/2018\\\/02\\\/stellamichelinlogo.png\",\"width\":200,\"height\":200,\"caption\":\"Agriturismo Barba\"},\"image\":{\"@id\":\"https:\\\/\\\/www.agriturismobarba.com\\\/de\\\/#\\\/schema\\\/logo\\\/image\\\/\"}}]}<\/script>\n<!-- \/ Yoast SEO plugin. -->","yoast_head_json":{"title":"Kontakt - Agriturismo Barba","robots":{"index":"index","follow":"follow","max-snippet":"max-snippet:-1","max-image-preview":"max-image-preview:large","max-video-preview":"max-video-preview:-1"},"canonical":"https:\/\/www.agriturismobarba.com\/de\/kontakt\/","og_locale":"de_DE","og_type":"article","og_title":"Kontakt - Agriturismo Barba","og_description":"Strada Rotabile per Casoli (SP27)Scerne di Pineto64025 Pineto (TE)Email:\u00a0info@agriturismobarba.comTel. (+39)\u00a0392 066 4406GPS:\u00a042.634781, 14.035587 Informationen anfordern","og_url":"https:\/\/www.agriturismobarba.com\/de\/kontakt\/","og_site_name":"Agriturismo Barba","article_modified_time":"2016-06-01T10:44:23+00:00","og_image":[{"width":1920,"height":600,"url":"https:\/\/www.agriturismobarba.com\/wp-content\/uploads\/2016\/06\/agriturismo-barba-piscina-02s.jpg","type":"image\/jpeg"}],"twitter_card":"summary_large_image","schema":{"@context":"https:\/\/schema.org","@graph":[{"@type":"WebPage","@id":"https:\/\/www.agriturismobarba.com\/de\/kontakt\/","url":"https:\/\/www.agriturismobarba.com\/de\/kontakt\/","name":"Kontakt - Agriturismo Barba","isPartOf":{"@id":"https:\/\/www.agriturismobarba.com\/de\/#website"},"primaryImageOfPage":{"@id":"https:\/\/www.agriturismobarba.com\/de\/kontakt\/#primaryimage"},"image":{"@id":"https:\/\/www.agriturismobarba.com\/de\/kontakt\/#primaryimage"},"thumbnailUrl":"https:\/\/www.agriturismobarba.com\/wp-content\/uploads\/2016\/06\/agriturismo-barba-piscina-02s.jpg","datePublished":"2016-04-12T09:44:18+00:00","dateModified":"2016-06-01T10:44:23+00:00","breadcrumb":{"@id":"https:\/\/www.agriturismobarba.com\/de\/kontakt\/#breadcrumb"},"inLanguage":"de","potentialAction":[{"@type":"ReadAction","target":["https:\/\/www.agriturismobarba.com\/de\/kontakt\/"]}]},{"@type":"ImageObject","inLanguage":"de","@id":"https:\/\/www.agriturismobarba.com\/de\/kontakt\/#primaryimage","url":"https:\/\/www.agriturismobarba.com\/wp-content\/uploads\/2016\/06\/agriturismo-barba-piscina-02s.jpg","contentUrl":"https:\/\/www.agriturismobarba.com\/wp-content\/uploads\/2016\/06\/agriturismo-barba-piscina-02s.jpg","width":1920,"height":600},{"@type":"BreadcrumbList","@id":"https:\/\/www.agriturismobarba.com\/de\/kontakt\/#breadcrumb","itemListElement":[{"@type":"ListItem","position":1,"name":"Home","item":"https:\/\/www.agriturismobarba.com\/de\/"},{"@type":"ListItem","position":2,"name":"Kontakt"}]},{"@type":"WebSite","@id":"https:\/\/www.agriturismobarba.com\/de\/#website","url":"https:\/\/www.agriturismobarba.com\/de\/","name":"Agriturismo Barba","description":"Appartamenti a Pineto, Abruzzo","publisher":{"@id":"https:\/\/www.agriturismobarba.com\/de\/#organization"},"potentialAction":[{"@type":"SearchAction","target":{"@type":"EntryPoint","urlTemplate":"https:\/\/www.agriturismobarba.com\/de\/?s={search_term_string}"},"query-input":{"@type":"PropertyValueSpecification","valueRequired":true,"valueName":"search_term_string"}}],"inLanguage":"de"},{"@type":"Organization","@id":"https:\/\/www.agriturismobarba.com\/de\/#organization","name":"Agriturismo Barba","url":"https:\/\/www.agriturismobarba.com\/de\/","logo":{"@type":"ImageObject","inLanguage":"de","@id":"https:\/\/www.agriturismobarba.com\/de\/#\/schema\/logo\/image\/","url":"https:\/\/www.agriturismobarba.com\/wp-content\/uploads\/2018\/02\/stellamichelinlogo.png","contentUrl":"https:\/\/www.agriturismobarba.com\/wp-content\/uploads\/2018\/02\/stellamichelinlogo.png","width":200,"height":200,"caption":"Agriturismo Barba"},"image":{"@id":"https:\/\/www.agriturismobarba.com\/de\/#\/schema\/logo\/image\/"}}]}},"_links":{"self":[{"href":"https:\/\/www.agriturismobarba.com\/de\/wp-json\/wp\/v2\/pages\/468","targetHints":{"allow":["GET"]}}],"collection":[{"href":"https:\/\/www.agriturismobarba.com\/de\/wp-json\/wp\/v2\/pages"}],"about":[{"href":"https:\/\/www.agriturismobarba.com\/de\/wp-json\/wp\/v2\/types\/page"}],"author":[{"embeddable":true,"href":"https:\/\/www.agriturismobarba.com\/de\/wp-json\/wp\/v2\/users\/3"}],"replies":[{"embeddable":true,"href":"https:\/\/www.agriturismobarba.com\/de\/wp-json\/wp\/v2\/comments?post=468"}],"version-history":[{"count":5,"href":"https:\/\/www.agriturismobarba.com\/de\/wp-json\/wp\/v2\/pages\/468\/revisions"}],"predecessor-version":[{"id":497,"href":"https:\/\/www.agriturismobarba.com\/de\/wp-json\/wp\/v2\/pages\/468\/revisions\/497"}],"wp:featuredmedia":[{"embeddable":true,"href":"https:\/\/www.agriturismobarba.com\/de\/wp-json\/wp\/v2\/media\/479"}],"wp:attachment":[{"href":"https:\/\/www.agriturismobarba.com\/de\/wp-json\/wp\/v2\/media?parent=468"}],"curies":[{"name":"wp","href":"https:\/\/api.w.org\/{rel}","templated":true}]}}