{"id":347,"date":"2016-03-17T10:45:34","date_gmt":"2016-03-17T09:45:34","guid":{"rendered":"https:\/\/www.agriturismobarba.com\/fr\/les-appartements\/"},"modified":"2016-04-22T17:19:18","modified_gmt":"2016-04-22T15:19:18","slug":"les-appartements","status":"publish","type":"page","link":"https:\/\/www.agriturismobarba.com\/fr\/les-appartements\/","title":{"rendered":"Les Appartements"},"content":{"rendered":"<div id=\"pl-347\"  class=\"panel-layout\" ><div id=\"pg-347-0\"  class=\"panel-grid panel-no-style\" ><div id=\"pgc-347-0-0\"  class=\"panel-grid-cell\" ><div id=\"panel-347-0-0-0\" class=\"so-panel widget widget_black-studio-tinymce widget_black_studio_tinymce panel-first-child panel-last-child\" data-index=\"0\" ><div class=\"textwidget\"><p><span style=\"font-weight: 400;\">L\u2019agritourisme est compos\u00e9 de six mini-appartements ind\u00e9pendants, de typologies vari\u00e9es, r\u00e9alis\u00e9s gr\u00e2ce \u00e0 la restructuration de l\u2019un des vieux \u00e9difices fermiers. \u00a0Les h\u00f4tes pourront choisir entre les diverses solutions \u00e0 leur disposition, toutes confortables, en fonction de la mani\u00e8re dont ils d\u00e9sirent passer leurs vacances dans les Abruzzes.<\/span><\/p>\n<p>Les appartements au style rustique et accueillant d\u2019Agrimare Barba sont destin\u00e9s \u00e0 h\u00e9berger jusqu\u2019\u00e0 4 h\u00f4tes dans un confort absolu et sont \u00e9quip\u00e9s de coin cuisine avec les accessoires essentiels pour cuisiner, frigo et freezer, une salle de bain privative avec douche, linge de bain et de lit, chauffage, t\u00e9l\u00e9vision LCD et Wi-fi gratuit.<\/p>\n<p><span style=\"font-weight: 400;\">Sur demande, il est possible d\u2019ajouter un petit lit ou deux lits superpos\u00e9s et h\u00e9berger jusqu\u2019\u00e0 6 personnes.<\/span><\/p>\n<\/div><\/div><\/div><\/div><div id=\"pg-347-1\"  class=\"panel-grid panel-has-style\" ><div class=\"appartamenti-list panel-row-style panel-row-style-for-347-1\" ><div id=\"pgc-347-1-0\"  class=\"panel-grid-cell\" ><div id=\"panel-347-1-0-0\" class=\"so-panel widget widget_sow-image panel-first-child panel-last-child\" data-index=\"1\" ><div\n\t\t\t\n\t\t\tclass=\"so-widget-sow-image so-widget-sow-image-default-c67d20f9f743-347\"\n\t\t\t\n\t\t>\n<div class=\"sow-image-container\">\n\t\t\t<a href=\"https:\/\/www.agriturismobarba.com\/appartamenti-agriturismo-mare-abruzzo\/appartamento-estivo-montepulciano\/\"\n\t\t\t\t\t>\n\t\t\t<img \n\tsrc=\"https:\/\/www.agriturismobarba.com\/wp-content\/uploads\/2016\/03\/square-agriturismo-barba-appartamento-1.jpg\" width=\"150\" height=\"150\" srcset=\"https:\/\/www.agriturismobarba.com\/wp-content\/uploads\/2016\/03\/square-agriturismo-barba-appartamento-1.jpg 410w, https:\/\/www.agriturismobarba.com\/wp-content\/uploads\/2016\/03\/square-agriturismo-barba-appartamento-1-150x150.jpg 150w, https:\/\/www.agriturismobarba.com\/wp-content\/uploads\/2016\/03\/square-agriturismo-barba-appartamento-1-300x300.jpg 300w\" sizes=\"(max-width: 150px) 100vw, 150px\" alt=\"\" \t\tclass=\"so-widget-image\"\/>\n\t\t\t<\/a><\/div>\n\n<\/div><\/div><\/div><div id=\"pgc-347-1-1\"  class=\"panel-grid-cell\" ><div id=\"panel-347-1-1-0\" class=\"so-panel widget widget_black-studio-tinymce widget_black_studio_tinymce panel-first-child panel-last-child\" data-index=\"2\" ><div class=\"textwidget\"><h2><a href=\"https:\/\/www.agriturismobarba.com\/fr\/les-appartements\/appartamento-estivo-montepulciano\/\">Montepulciano<\/a><\/h2>\n<\/div><\/div><\/div><\/div><\/div><div id=\"pg-347-2\"  class=\"panel-grid panel-has-style\" ><div class=\"appartamenti-list panel-row-style panel-row-style-for-347-2\" ><div id=\"pgc-347-2-0\"  class=\"panel-grid-cell\" ><div id=\"panel-347-2-0-0\" class=\"so-panel widget widget_sow-image panel-first-child panel-last-child\" data-index=\"3\" ><div\n\t\t\t\n\t\t\tclass=\"so-widget-sow-image so-widget-sow-image-default-c67d20f9f743-347\"\n\t\t\t\n\t\t>\n<div class=\"sow-image-container\">\n\t\t\t<a href=\"https:\/\/www.agriturismobarba.com\/appartamenti-agriturismo-mare-abruzzo\/appartamento-estivo-trebbiano\/\"\n\t\t\t\t\t>\n\t\t\t<img \n\tsrc=\"https:\/\/www.agriturismobarba.com\/wp-content\/uploads\/2016\/03\/square-agriturismo-barba-appartamento-2.jpg\" width=\"150\" height=\"150\" srcset=\"https:\/\/www.agriturismobarba.com\/wp-content\/uploads\/2016\/03\/square-agriturismo-barba-appartamento-2.jpg 410w, https:\/\/www.agriturismobarba.com\/wp-content\/uploads\/2016\/03\/square-agriturismo-barba-appartamento-2-150x150.jpg 150w, https:\/\/www.agriturismobarba.com\/wp-content\/uploads\/2016\/03\/square-agriturismo-barba-appartamento-2-300x300.jpg 300w\" sizes=\"(max-width: 150px) 100vw, 150px\" alt=\"\" \t\tclass=\"so-widget-image\"\/>\n\t\t\t<\/a><\/div>\n\n<\/div><\/div><\/div><div id=\"pgc-347-2-1\"  class=\"panel-grid-cell\" ><div id=\"panel-347-2-1-0\" class=\"so-panel widget widget_black-studio-tinymce widget_black_studio_tinymce panel-first-child panel-last-child\" data-index=\"4\" ><div class=\"textwidget\"><h2><a href=\"https:\/\/www.agriturismobarba.com\/fr\/les-appartements\/appartamento-estivo-trebbiano\/\">Trebbiano<\/a><\/h2>\n<\/div><\/div><\/div><\/div><\/div><div id=\"pg-347-3\"  class=\"panel-grid panel-has-style\" ><div class=\"appartamenti-list panel-row-style panel-row-style-for-347-3\" ><div id=\"pgc-347-3-0\"  class=\"panel-grid-cell\" ><div id=\"panel-347-3-0-0\" class=\"so-panel widget widget_sow-image panel-first-child panel-last-child\" data-index=\"5\" ><div\n\t\t\t\n\t\t\tclass=\"so-widget-sow-image so-widget-sow-image-default-c67d20f9f743-347\"\n\t\t\t\n\t\t>\n<div class=\"sow-image-container\">\n\t\t\t<a href=\"https:\/\/www.agriturismobarba.com\/appartamenti-agriturismo-mare-abruzzo\/appartamento-estivo-cerasuolo\/\"\n\t\t\t\t\t>\n\t\t\t<img \n\tsrc=\"https:\/\/www.agriturismobarba.com\/wp-content\/uploads\/2016\/03\/square-agriturismo-barba-appartamento-3.jpg\" width=\"150\" height=\"150\" srcset=\"https:\/\/www.agriturismobarba.com\/wp-content\/uploads\/2016\/03\/square-agriturismo-barba-appartamento-3.jpg 410w, https:\/\/www.agriturismobarba.com\/wp-content\/uploads\/2016\/03\/square-agriturismo-barba-appartamento-3-150x150.jpg 150w, https:\/\/www.agriturismobarba.com\/wp-content\/uploads\/2016\/03\/square-agriturismo-barba-appartamento-3-300x300.jpg 300w\" sizes=\"(max-width: 150px) 100vw, 150px\" alt=\"\" \t\tclass=\"so-widget-image\"\/>\n\t\t\t<\/a><\/div>\n\n<\/div><\/div><\/div><div id=\"pgc-347-3-1\"  class=\"panel-grid-cell\" ><div id=\"panel-347-3-1-0\" class=\"so-panel widget widget_black-studio-tinymce widget_black_studio_tinymce panel-first-child panel-last-child\" data-index=\"6\" ><div class=\"textwidget\"><h2><a href=\"https:\/\/www.agriturismobarba.com\/fr\/les-appartements\/appartamento-estivo-cerasuolo\/\">Cerasuolo<\/a><\/h2>\n<\/div><\/div><\/div><\/div><\/div><div id=\"pg-347-4\"  class=\"panel-grid panel-has-style\" ><div class=\"appartamenti-list panel-row-style panel-row-style-for-347-4\" ><div id=\"pgc-347-4-0\"  class=\"panel-grid-cell\" ><div id=\"panel-347-4-0-0\" class=\"so-panel widget widget_sow-image panel-first-child panel-last-child\" data-index=\"7\" ><div\n\t\t\t\n\t\t\tclass=\"so-widget-sow-image so-widget-sow-image-default-c67d20f9f743-347\"\n\t\t\t\n\t\t>\n<div class=\"sow-image-container\">\n\t\t\t<a href=\"https:\/\/www.agriturismobarba.com\/appartamenti-agriturismo-mare-abruzzo\/appartamento-estivo-sauvignon\/\"\n\t\t\t\t\t>\n\t\t\t<img \n\tsrc=\"https:\/\/www.agriturismobarba.com\/wp-content\/uploads\/2016\/03\/square-agriturismo-barba-appartamento-4.jpg\" width=\"150\" height=\"150\" srcset=\"https:\/\/www.agriturismobarba.com\/wp-content\/uploads\/2016\/03\/square-agriturismo-barba-appartamento-4.jpg 410w, https:\/\/www.agriturismobarba.com\/wp-content\/uploads\/2016\/03\/square-agriturismo-barba-appartamento-4-150x150.jpg 150w, https:\/\/www.agriturismobarba.com\/wp-content\/uploads\/2016\/03\/square-agriturismo-barba-appartamento-4-300x300.jpg 300w\" sizes=\"(max-width: 150px) 100vw, 150px\" alt=\"\" \t\tclass=\"so-widget-image\"\/>\n\t\t\t<\/a><\/div>\n\n<\/div><\/div><\/div><div id=\"pgc-347-4-1\"  class=\"panel-grid-cell\" ><div id=\"panel-347-4-1-0\" class=\"so-panel widget widget_black-studio-tinymce widget_black_studio_tinymce panel-first-child panel-last-child\" data-index=\"8\" ><div class=\"textwidget\"><h2><a href=\"https:\/\/www.agriturismobarba.com\/fr\/les-appartements\/appartamento-estivo-sauvignon\/\">Sauvignon<\/a><\/h2>\n<\/div><\/div><\/div><\/div><\/div><div id=\"pg-347-5\"  class=\"panel-grid panel-has-style\" ><div class=\"appartamenti-list panel-row-style panel-row-style-for-347-5\" ><div id=\"pgc-347-5-0\"  class=\"panel-grid-cell\" ><div id=\"panel-347-5-0-0\" class=\"so-panel widget widget_sow-image panel-first-child panel-last-child\" data-index=\"9\" ><div\n\t\t\t\n\t\t\tclass=\"so-widget-sow-image so-widget-sow-image-default-c67d20f9f743-347\"\n\t\t\t\n\t\t>\n<div class=\"sow-image-container\">\n\t\t\t<a href=\"https:\/\/www.agriturismobarba.com\/appartamenti-agriturismo-mare-abruzzo\/appartamento-estivo-chardonnay\/\"\n\t\t\t\t\t>\n\t\t\t<img \n\tsrc=\"https:\/\/www.agriturismobarba.com\/wp-content\/uploads\/2016\/03\/square-agriturismo-barba-appartamento-5.jpg\" width=\"150\" height=\"150\" srcset=\"https:\/\/www.agriturismobarba.com\/wp-content\/uploads\/2016\/03\/square-agriturismo-barba-appartamento-5.jpg 410w, https:\/\/www.agriturismobarba.com\/wp-content\/uploads\/2016\/03\/square-agriturismo-barba-appartamento-5-150x150.jpg 150w, https:\/\/www.agriturismobarba.com\/wp-content\/uploads\/2016\/03\/square-agriturismo-barba-appartamento-5-300x300.jpg 300w\" sizes=\"(max-width: 150px) 100vw, 150px\" alt=\"\" \t\tclass=\"so-widget-image\"\/>\n\t\t\t<\/a><\/div>\n\n<\/div><\/div><\/div><div id=\"pgc-347-5-1\"  class=\"panel-grid-cell\" ><div id=\"panel-347-5-1-0\" class=\"so-panel widget widget_black-studio-tinymce widget_black_studio_tinymce panel-first-child panel-last-child\" data-index=\"10\" ><div class=\"textwidget\"><h2><a href=\"https:\/\/www.agriturismobarba.com\/fr\/les-appartements\/appartamento-estivo-chardonnay\/\">Chardonnay<\/a><\/h2>\n<\/div><\/div><\/div><\/div><\/div><div id=\"pg-347-6\"  class=\"panel-grid panel-has-style\" ><div class=\"appartamenti-list panel-row-style panel-row-style-for-347-6\" ><div id=\"pgc-347-6-0\"  class=\"panel-grid-cell\" ><div id=\"panel-347-6-0-0\" class=\"so-panel widget widget_sow-image panel-first-child panel-last-child\" data-index=\"11\" ><div\n\t\t\t\n\t\t\tclass=\"so-widget-sow-image so-widget-sow-image-default-c67d20f9f743-347\"\n\t\t\t\n\t\t>\n<div class=\"sow-image-container\">\n\t\t\t<a href=\"https:\/\/www.agriturismobarba.com\/appartamenti-agriturismo-mare-abruzzo\/appartamento-estivo-merlot\/\"\n\t\t\t\t\t>\n\t\t\t<img \n\tsrc=\"https:\/\/www.agriturismobarba.com\/wp-content\/uploads\/2016\/03\/square-agriturismo-barba-appartamento-6.jpg\" width=\"150\" height=\"150\" srcset=\"https:\/\/www.agriturismobarba.com\/wp-content\/uploads\/2016\/03\/square-agriturismo-barba-appartamento-6.jpg 410w, https:\/\/www.agriturismobarba.com\/wp-content\/uploads\/2016\/03\/square-agriturismo-barba-appartamento-6-150x150.jpg 150w, https:\/\/www.agriturismobarba.com\/wp-content\/uploads\/2016\/03\/square-agriturismo-barba-appartamento-6-300x300.jpg 300w\" sizes=\"(max-width: 150px) 100vw, 150px\" alt=\"\" \t\tclass=\"so-widget-image\"\/>\n\t\t\t<\/a><\/div>\n\n<\/div><\/div><\/div><div id=\"pgc-347-6-1\"  class=\"panel-grid-cell\" ><div id=\"panel-347-6-1-0\" class=\"so-panel widget widget_black-studio-tinymce widget_black_studio_tinymce panel-first-child panel-last-child\" data-index=\"12\" ><div class=\"textwidget\"><h2><a href=\"https:\/\/www.agriturismobarba.com\/fr\/les-appartements\/appartamento-estivo-merlot\/\">Merlot<\/a><\/h2>\n<\/div><\/div><\/div><\/div><\/div><\/div>","protected":false},"excerpt":{"rendered":"<p>L\u2019agritourisme est compos\u00e9 de six mini-appartements ind\u00e9pendants, de typologies vari\u00e9es, r\u00e9alis\u00e9s gr\u00e2ce \u00e0 la restructuration de l\u2019un des vieux \u00e9difices fermiers. \u00a0Les h\u00f4tes pourront choisir entre les diverses solutions \u00e0 leur disposition, toutes confortables, en fonction de la mani\u00e8re dont ils d\u00e9sirent passer leurs vacances dans les Abruzzes.Les appartements au style rustique et accueillant d\u2019Agrimare [&hellip;]<\/p>\n","protected":false},"author":3,"featured_media":718,"parent":0,"menu_order":2,"comment_status":"closed","ping_status":"closed","template":"","meta":{"_genesis_hide_title":false,"_genesis_hide_breadcrumbs":false,"_genesis_hide_singular_image":false,"_genesis_hide_footer_widgets":false,"_genesis_custom_body_class":"","_genesis_custom_post_class":"","_genesis_layout":"","footnotes":""},"class_list":{"0":"post-347","1":"page","2":"type-page","3":"status-publish","4":"has-post-thumbnail","6":"entry"},"yoast_head":"<!-- This site is optimized with the Yoast SEO plugin v27.6 - https:\/\/yoast.com\/product\/yoast-seo-wordpress\/ -->\n<title>Les Appartements - Agriturismo Barba<\/title>\n<meta name=\"robots\" content=\"index, follow, max-snippet:-1, max-image-preview:large, max-video-preview:-1\" \/>\n<link rel=\"canonical\" href=\"https:\/\/www.agriturismobarba.com\/fr\/les-appartements\/\" \/>\n<meta property=\"og:locale\" content=\"fr_FR\" \/>\n<meta property=\"og:type\" content=\"article\" \/>\n<meta property=\"og:title\" content=\"Les Appartements - Agriturismo Barba\" \/>\n<meta property=\"og:description\" content=\"L\u2019agritourisme est compos\u00e9 de six mini-appartements ind\u00e9pendants, de typologies vari\u00e9es, r\u00e9alis\u00e9s gr\u00e2ce \u00e0 la restructuration de l\u2019un des vieux \u00e9difices fermiers. \u00a0Les h\u00f4tes pourront choisir entre les diverses solutions \u00e0 leur disposition, toutes confortables, en fonction de la mani\u00e8re dont ils d\u00e9sirent passer leurs vacances dans les Abruzzes.Les appartements au style rustique et accueillant d\u2019Agrimare [&hellip;]\" \/>\n<meta property=\"og:url\" content=\"https:\/\/www.agriturismobarba.com\/fr\/les-appartements\/\" \/>\n<meta property=\"og:site_name\" content=\"Agriturismo Barba\" \/>\n<meta property=\"article:modified_time\" content=\"2016-04-22T15:19:18+00:00\" \/>\n<meta property=\"og:image\" content=\"https:\/\/www.agriturismobarba.com\/wp-content\/uploads\/2016\/04\/agriturismo-barba-finestra.jpg\" \/>\n\t<meta property=\"og:image:width\" content=\"1920\" \/>\n\t<meta property=\"og:image:height\" content=\"600\" \/>\n\t<meta property=\"og:image:type\" content=\"image\/jpeg\" \/>\n<meta name=\"twitter:card\" content=\"summary_large_image\" \/>\n<meta name=\"twitter:label1\" content=\"Dur\u00e9e de lecture estim\u00e9e\" \/>\n\t<meta name=\"twitter:data1\" content=\"1 minute\" \/>\n<script type=\"application\/ld+json\" class=\"yoast-schema-graph\">{\"@context\":\"https:\\\/\\\/schema.org\",\"@graph\":[{\"@type\":\"WebPage\",\"@id\":\"https:\\\/\\\/www.agriturismobarba.com\\\/fr\\\/les-appartements\\\/\",\"url\":\"https:\\\/\\\/www.agriturismobarba.com\\\/fr\\\/les-appartements\\\/\",\"name\":\"Les Appartements - Agriturismo Barba\",\"isPartOf\":{\"@id\":\"https:\\\/\\\/www.agriturismobarba.com\\\/fr\\\/#website\"},\"primaryImageOfPage\":{\"@id\":\"https:\\\/\\\/www.agriturismobarba.com\\\/fr\\\/les-appartements\\\/#primaryimage\"},\"image\":{\"@id\":\"https:\\\/\\\/www.agriturismobarba.com\\\/fr\\\/les-appartements\\\/#primaryimage\"},\"thumbnailUrl\":\"https:\\\/\\\/www.agriturismobarba.com\\\/wp-content\\\/uploads\\\/2016\\\/04\\\/agriturismo-barba-finestra.jpg\",\"datePublished\":\"2016-03-17T09:45:34+00:00\",\"dateModified\":\"2016-04-22T15:19:18+00:00\",\"breadcrumb\":{\"@id\":\"https:\\\/\\\/www.agriturismobarba.com\\\/fr\\\/les-appartements\\\/#breadcrumb\"},\"inLanguage\":\"fr-FR\",\"potentialAction\":[{\"@type\":\"ReadAction\",\"target\":[\"https:\\\/\\\/www.agriturismobarba.com\\\/fr\\\/les-appartements\\\/\"]}]},{\"@type\":\"ImageObject\",\"inLanguage\":\"fr-FR\",\"@id\":\"https:\\\/\\\/www.agriturismobarba.com\\\/fr\\\/les-appartements\\\/#primaryimage\",\"url\":\"https:\\\/\\\/www.agriturismobarba.com\\\/wp-content\\\/uploads\\\/2016\\\/04\\\/agriturismo-barba-finestra.jpg\",\"contentUrl\":\"https:\\\/\\\/www.agriturismobarba.com\\\/wp-content\\\/uploads\\\/2016\\\/04\\\/agriturismo-barba-finestra.jpg\",\"width\":1920,\"height\":600},{\"@type\":\"BreadcrumbList\",\"@id\":\"https:\\\/\\\/www.agriturismobarba.com\\\/fr\\\/les-appartements\\\/#breadcrumb\",\"itemListElement\":[{\"@type\":\"ListItem\",\"position\":1,\"name\":\"Home\",\"item\":\"https:\\\/\\\/www.agriturismobarba.com\\\/fr\\\/\"},{\"@type\":\"ListItem\",\"position\":2,\"name\":\"Les Appartements\"}]},{\"@type\":\"WebSite\",\"@id\":\"https:\\\/\\\/www.agriturismobarba.com\\\/fr\\\/#website\",\"url\":\"https:\\\/\\\/www.agriturismobarba.com\\\/fr\\\/\",\"name\":\"Agriturismo Barba\",\"description\":\"Appartamenti a Pineto, Abruzzo\",\"publisher\":{\"@id\":\"https:\\\/\\\/www.agriturismobarba.com\\\/fr\\\/#organization\"},\"potentialAction\":[{\"@type\":\"SearchAction\",\"target\":{\"@type\":\"EntryPoint\",\"urlTemplate\":\"https:\\\/\\\/www.agriturismobarba.com\\\/fr\\\/?s={search_term_string}\"},\"query-input\":{\"@type\":\"PropertyValueSpecification\",\"valueRequired\":true,\"valueName\":\"search_term_string\"}}],\"inLanguage\":\"fr-FR\"},{\"@type\":\"Organization\",\"@id\":\"https:\\\/\\\/www.agriturismobarba.com\\\/fr\\\/#organization\",\"name\":\"Agriturismo Barba\",\"url\":\"https:\\\/\\\/www.agriturismobarba.com\\\/fr\\\/\",\"logo\":{\"@type\":\"ImageObject\",\"inLanguage\":\"fr-FR\",\"@id\":\"https:\\\/\\\/www.agriturismobarba.com\\\/fr\\\/#\\\/schema\\\/logo\\\/image\\\/\",\"url\":\"https:\\\/\\\/www.agriturismobarba.com\\\/wp-content\\\/uploads\\\/2018\\\/02\\\/stellamichelinlogo.png\",\"contentUrl\":\"https:\\\/\\\/www.agriturismobarba.com\\\/wp-content\\\/uploads\\\/2018\\\/02\\\/stellamichelinlogo.png\",\"width\":200,\"height\":200,\"caption\":\"Agriturismo Barba\"},\"image\":{\"@id\":\"https:\\\/\\\/www.agriturismobarba.com\\\/fr\\\/#\\\/schema\\\/logo\\\/image\\\/\"}}]}<\/script>\n<!-- \/ Yoast SEO plugin. -->","yoast_head_json":{"title":"Les Appartements - Agriturismo Barba","robots":{"index":"index","follow":"follow","max-snippet":"max-snippet:-1","max-image-preview":"max-image-preview:large","max-video-preview":"max-video-preview:-1"},"canonical":"https:\/\/www.agriturismobarba.com\/fr\/les-appartements\/","og_locale":"fr_FR","og_type":"article","og_title":"Les Appartements - Agriturismo Barba","og_description":"L\u2019agritourisme est compos\u00e9 de six mini-appartements ind\u00e9pendants, de typologies vari\u00e9es, r\u00e9alis\u00e9s gr\u00e2ce \u00e0 la restructuration de l\u2019un des vieux \u00e9difices fermiers. \u00a0Les h\u00f4tes pourront choisir entre les diverses solutions \u00e0 leur disposition, toutes confortables, en fonction de la mani\u00e8re dont ils d\u00e9sirent passer leurs vacances dans les Abruzzes.Les appartements au style rustique et accueillant d\u2019Agrimare [&hellip;]","og_url":"https:\/\/www.agriturismobarba.com\/fr\/les-appartements\/","og_site_name":"Agriturismo Barba","article_modified_time":"2016-04-22T15:19:18+00:00","og_image":[{"width":1920,"height":600,"url":"https:\/\/www.agriturismobarba.com\/wp-content\/uploads\/2016\/04\/agriturismo-barba-finestra.jpg","type":"image\/jpeg"}],"twitter_card":"summary_large_image","twitter_misc":{"Dur\u00e9e de lecture estim\u00e9e":"1 minute"},"schema":{"@context":"https:\/\/schema.org","@graph":[{"@type":"WebPage","@id":"https:\/\/www.agriturismobarba.com\/fr\/les-appartements\/","url":"https:\/\/www.agriturismobarba.com\/fr\/les-appartements\/","name":"Les Appartements - Agriturismo Barba","isPartOf":{"@id":"https:\/\/www.agriturismobarba.com\/fr\/#website"},"primaryImageOfPage":{"@id":"https:\/\/www.agriturismobarba.com\/fr\/les-appartements\/#primaryimage"},"image":{"@id":"https:\/\/www.agriturismobarba.com\/fr\/les-appartements\/#primaryimage"},"thumbnailUrl":"https:\/\/www.agriturismobarba.com\/wp-content\/uploads\/2016\/04\/agriturismo-barba-finestra.jpg","datePublished":"2016-03-17T09:45:34+00:00","dateModified":"2016-04-22T15:19:18+00:00","breadcrumb":{"@id":"https:\/\/www.agriturismobarba.com\/fr\/les-appartements\/#breadcrumb"},"inLanguage":"fr-FR","potentialAction":[{"@type":"ReadAction","target":["https:\/\/www.agriturismobarba.com\/fr\/les-appartements\/"]}]},{"@type":"ImageObject","inLanguage":"fr-FR","@id":"https:\/\/www.agriturismobarba.com\/fr\/les-appartements\/#primaryimage","url":"https:\/\/www.agriturismobarba.com\/wp-content\/uploads\/2016\/04\/agriturismo-barba-finestra.jpg","contentUrl":"https:\/\/www.agriturismobarba.com\/wp-content\/uploads\/2016\/04\/agriturismo-barba-finestra.jpg","width":1920,"height":600},{"@type":"BreadcrumbList","@id":"https:\/\/www.agriturismobarba.com\/fr\/les-appartements\/#breadcrumb","itemListElement":[{"@type":"ListItem","position":1,"name":"Home","item":"https:\/\/www.agriturismobarba.com\/fr\/"},{"@type":"ListItem","position":2,"name":"Les Appartements"}]},{"@type":"WebSite","@id":"https:\/\/www.agriturismobarba.com\/fr\/#website","url":"https:\/\/www.agriturismobarba.com\/fr\/","name":"Agriturismo Barba","description":"Appartamenti a Pineto, Abruzzo","publisher":{"@id":"https:\/\/www.agriturismobarba.com\/fr\/#organization"},"potentialAction":[{"@type":"SearchAction","target":{"@type":"EntryPoint","urlTemplate":"https:\/\/www.agriturismobarba.com\/fr\/?s={search_term_string}"},"query-input":{"@type":"PropertyValueSpecification","valueRequired":true,"valueName":"search_term_string"}}],"inLanguage":"fr-FR"},{"@type":"Organization","@id":"https:\/\/www.agriturismobarba.com\/fr\/#organization","name":"Agriturismo Barba","url":"https:\/\/www.agriturismobarba.com\/fr\/","logo":{"@type":"ImageObject","inLanguage":"fr-FR","@id":"https:\/\/www.agriturismobarba.com\/fr\/#\/schema\/logo\/image\/","url":"https:\/\/www.agriturismobarba.com\/wp-content\/uploads\/2018\/02\/stellamichelinlogo.png","contentUrl":"https:\/\/www.agriturismobarba.com\/wp-content\/uploads\/2018\/02\/stellamichelinlogo.png","width":200,"height":200,"caption":"Agriturismo Barba"},"image":{"@id":"https:\/\/www.agriturismobarba.com\/fr\/#\/schema\/logo\/image\/"}}]}},"_links":{"self":[{"href":"https:\/\/www.agriturismobarba.com\/fr\/wp-json\/wp\/v2\/pages\/347","targetHints":{"allow":["GET"]}}],"collection":[{"href":"https:\/\/www.agriturismobarba.com\/fr\/wp-json\/wp\/v2\/pages"}],"about":[{"href":"https:\/\/www.agriturismobarba.com\/fr\/wp-json\/wp\/v2\/types\/page"}],"author":[{"embeddable":true,"href":"https:\/\/www.agriturismobarba.com\/fr\/wp-json\/wp\/v2\/users\/3"}],"replies":[{"embeddable":true,"href":"https:\/\/www.agriturismobarba.com\/fr\/wp-json\/wp\/v2\/comments?post=347"}],"version-history":[{"count":4,"href":"https:\/\/www.agriturismobarba.com\/fr\/wp-json\/wp\/v2\/pages\/347\/revisions"}],"predecessor-version":[{"id":378,"href":"https:\/\/www.agriturismobarba.com\/fr\/wp-json\/wp\/v2\/pages\/347\/revisions\/378"}],"wp:featuredmedia":[{"embeddable":true,"href":"https:\/\/www.agriturismobarba.com\/fr\/wp-json\/wp\/v2\/media\/718"}],"wp:attachment":[{"href":"https:\/\/www.agriturismobarba.com\/fr\/wp-json\/wp\/v2\/media?parent=347"}],"curies":[{"name":"wp","href":"https:\/\/api.w.org\/{rel}","templated":true}]}}